{"id":260624,"date":"2023-10-20T11:47:55","date_gmt":"2023-10-20T14:47:55","guid":{"rendered":"https:\/\/www.livrariarema.com.br\/loja\/produtos\/sem categoria\/dicionario-biblico-baker\/"},"modified":"2025-08-18T15:40:33","modified_gmt":"2025-08-18T18:40:33","slug":"dicionario-biblico-baker","status":"publish","type":"product","link":"https:\/\/www.livrariarema.com.br\/loja\/produtos\/livros\/dicionario-gramatica\/dicionario-biblico-baker\/","title":{"rendered":"Dicion\u00e1rio B\u00edblico Baker"},"content":{"rendered":"<p>O que voc\u00ea faz quando precisa de um recurso r\u00e1pido, compacto e conveniente para ajud\u00e1-lo a entender livros b\u00edblicos, pessoas, lugares, imagens ou t\u00f3picos? Agora os leitores podem acessar o Dicion\u00e1rio B\u00edblico Compacto Baker. Ele fornece aos estudantes da B\u00edblia informa\u00e7\u00f5es essenciais e necess\u00e1rias para ler a B\u00edblia com maior compreens\u00e3o e confian\u00e7a.<br \/>\nCom mais de 1.000 verbetes claros e precisos elaborados por atualizados acad\u00eamicos evang\u00e9licos em estudos b\u00edblicos, arqueologia, geografia, hist\u00f3ria e teologia. Um tesouro de informa\u00e7\u00f5es para auxiliar no estudo pessoal e na prepara\u00e7\u00e3o para o ensino.<\/p>\n","protected":false},"excerpt":{"rendered":"<p>O que voc\u00ea faz quando precisa de um recurso r\u00e1pido, compacto e conveniente para ajud\u00e1-lo a entender livros b\u00edblicos, pessoas,&hellip;<\/p>\n","protected":false},"featured_media":335460,"comment_status":"open","ping_status":"closed","template":"","meta":[],"product_cat":[159,134],"product_tag":[],"_links":{"self":[{"href":"https:\/\/www.livrariarema.com.br\/loja\/wp-json\/wp\/v2\/product\/260624"}],"collection":[{"href":"https:\/\/www.livrariarema.com.br\/loja\/wp-json\/wp\/v2\/product"}],"about":[{"href":"https:\/\/www.livrariarema.com.br\/loja\/wp-json\/wp\/v2\/types\/product"}],"replies":[{"embeddable":true,"href":"https:\/\/www.livrariarema.com.br\/loja\/wp-json\/wp\/v2\/comments?post=260624"}],"wp:featuredmedia":[{"embeddable":true,"href":"https:\/\/www.livrariarema.com.br\/loja\/wp-json\/wp\/v2\/media\/335460"}],"wp:attachment":[{"href":"https:\/\/www.livrariarema.com.br\/loja\/wp-json\/wp\/v2\/media?parent=260624"}],"wp:term":[{"taxonomy":"product_cat","embeddable":true,"href":"https:\/\/www.livrariarema.com.br\/loja\/wp-json\/wp\/v2\/product_cat?post=260624"},{"taxonomy":"product_tag","embeddable":true,"href":"https:\/\/www.livrariarema.com.br\/loja\/wp-json\/wp\/v2\/product_tag?post=260624"}],"curies":[{"name":"wp","href":"https:\/\/api.w.org\/{rel}","templated":true}]}}