{"id":261746,"date":"2023-10-26T12:20:43","date_gmt":"2023-10-26T15:20:43","guid":{"rendered":"https:\/\/www.livrariarema.com.br\/loja\/produtos\/sem%20categoria\/experiencia-do-lar-devi-titus-e-trina-titus-lozano-edicao-memorial\/"},"modified":"2026-04-24T11:07:03","modified_gmt":"2026-04-24T14:07:03","slug":"experiencia-do-lar-devi-titus-e-trina-titus-lozano-edicao-memorial","status":"publish","type":"product","link":"https:\/\/www.livrariarema.com.br\/loja\/produtos\/livros\/mulher\/experiencia-do-lar-devi-titus-e-trina-titus-lozano-edicao-memorial\/","title":{"rendered":"Experi\u00eancia Do Lar &#8211; Devi Titus E Trina Titus Lozano (Edi\u00e7\u00e3o Memorial)"},"content":{"rendered":"<p>O lar \u00e9 onde o cora\u00e7\u00e3o se forma portanto, tenha calma. Adicione beleza e valor a tudo o que fizer para que sua casa se torne um lugar de amor e paz.<\/p>\n<p>A EXPERI\u00caNCIA DO LAR \u00e9:<br \/>\num guia para entender princ\u00edpios essenciais da vida;<br \/>\numa orienta\u00e7\u00e3o para aprender aptid\u00f5es vitais para nossos relacionamentos;<br \/>\numa refer\u00eancia de verdades b\u00edblicas eternas;<br \/>\num manual de habilidades dom\u00e9sticas.<\/p>\n<p>&#8220;Com sabedoria se constr\u00f3i a casa, e com entendimento ela se fortalece. Pelo conhecimento seus c\u00f4modos se enchem de toda esp\u00e9cie de bens preciosos e desej\u00e1veis.&#8221; Prov\u00e9rbios 24:3-4<\/p>\n<p>Devi Titus e Trina Titus Lozano, uma dupla din\u00e2mica de m\u00e3e e filha, capturam a sabedoria de sua gera\u00e7\u00e3o e a transmitem com exemplos e criatividade, abra\u00e7ando<br \/>\ne adicionando beleza, significado e intencionalidade a tudo o que fazem em casa.<br \/>\nEsta edi\u00e7\u00e3o memorial, com novas fotos, celebra a saudosa Devi Titus, idealizadora desse projeto e mulher virtuosa.<\/p>\n<p>Aprenda. Aplique. Experimente.<\/p>\n<p>Restaure a dignidade e a santidade de seu lar.<\/p>\n","protected":false},"excerpt":{"rendered":"<p>O lar \u00e9 onde o cora\u00e7\u00e3o se forma portanto, tenha calma. Adicione beleza e valor a tudo o que fizer&hellip;<\/p>\n","protected":false},"featured_media":347166,"comment_status":"open","ping_status":"closed","template":"","meta":[],"product_cat":[134,170],"product_tag":[],"_links":{"self":[{"href":"https:\/\/www.livrariarema.com.br\/loja\/wp-json\/wp\/v2\/product\/261746"}],"collection":[{"href":"https:\/\/www.livrariarema.com.br\/loja\/wp-json\/wp\/v2\/product"}],"about":[{"href":"https:\/\/www.livrariarema.com.br\/loja\/wp-json\/wp\/v2\/types\/product"}],"replies":[{"embeddable":true,"href":"https:\/\/www.livrariarema.com.br\/loja\/wp-json\/wp\/v2\/comments?post=261746"}],"wp:featuredmedia":[{"embeddable":true,"href":"https:\/\/www.livrariarema.com.br\/loja\/wp-json\/wp\/v2\/media\/347166"}],"wp:attachment":[{"href":"https:\/\/www.livrariarema.com.br\/loja\/wp-json\/wp\/v2\/media?parent=261746"}],"wp:term":[{"taxonomy":"product_cat","embeddable":true,"href":"https:\/\/www.livrariarema.com.br\/loja\/wp-json\/wp\/v2\/product_cat?post=261746"},{"taxonomy":"product_tag","embeddable":true,"href":"https:\/\/www.livrariarema.com.br\/loja\/wp-json\/wp\/v2\/product_tag?post=261746"}],"curies":[{"name":"wp","href":"https:\/\/api.w.org\/{rel}","templated":true}]}}