{"id":261750,"date":"2023-10-26T12:20:56","date_gmt":"2023-10-26T15:20:56","guid":{"rendered":"https:\/\/www.livrariarema.com.br\/loja\/produtos\/sem categoria\/interpretando-a-biblia-a-partir-do-espirito-kenner-terra-e-david-mesquiati-de-oliveira\/"},"modified":"2026-04-11T11:41:01","modified_gmt":"2026-04-11T14:41:01","slug":"interpretando-a-biblia-a-partir-do-espirito-kenner-terra-e-david-mesquiati-de-oliveira","status":"publish","type":"product","link":"https:\/\/www.livrariarema.com.br\/loja\/produtos\/promocao\/livros-promocao\/interpretando-a-biblia-a-partir-do-espirito-kenner-terra-e-david-mesquiati-de-oliveira\/","title":{"rendered":"Interpretando A B\u00edblia A Partir Do Esp\u00edrito &#8211; Kenner Terra E David Mesquiati De Oliveira"},"content":{"rendered":"<p>A TEOLOGIA PENTECOSTAL pode ser definida como a teologia da experi\u00eancia.<br \/>\nPor isso, aliar hermen\u00eautica e experi\u00eancia pentecostal \u00e9 a melhor forma de contribuir para a solidifica\u00e7\u00e3o desse m\u00e9todo teol\u00f3gico. Em Interpretando a B\u00edblia a partir do Esp\u00edrito, Kenner Terra e David Mesquiati desenvolvem seu estudo sobre a perspectiva pentecostal e mostram que \u00e9 imposs\u00edvel fazer teologia sem considerar a experi\u00eancia.<br \/>\nEm vez de se concentrarem no desenvolvimento hist\u00f3rico da pneumatologia pentecostal &#8211; tema recorrente na literatura sobre esse assunto -, os autores apresentam uma metodologia que se debru\u00e7a sobre a estrutura necess\u00e1ria para o desenvolvimento de uma teologia verdadeiramente pentecostal e considera: conceitua\u00e7\u00e3o, pensamento, interpreta\u00e7\u00e3o e narrativa.<br \/>\nInterpretando a B\u00edblia a partir do Esp\u00edrito \u00e9 uma obra s\u00f3lida academicamente, e ao mesmo tempo acess\u00edvel a todos os que desejam compreender a teologia pentecostal de modo mais profundo e assim participar de sua constru\u00e7\u00e3o.<\/p>\n","protected":false},"excerpt":{"rendered":"<p>A TEOLOGIA PENTECOSTAL pode ser definida como a teologia da experi\u00eancia. Por isso, aliar hermen\u00eautica e experi\u00eancia pentecostal \u00e9 a&hellip;<\/p>\n","protected":false},"featured_media":345410,"comment_status":"open","ping_status":"closed","template":"","meta":[],"product_cat":[143,142],"product_tag":[],"_links":{"self":[{"href":"https:\/\/www.livrariarema.com.br\/loja\/wp-json\/wp\/v2\/product\/261750"}],"collection":[{"href":"https:\/\/www.livrariarema.com.br\/loja\/wp-json\/wp\/v2\/product"}],"about":[{"href":"https:\/\/www.livrariarema.com.br\/loja\/wp-json\/wp\/v2\/types\/product"}],"replies":[{"embeddable":true,"href":"https:\/\/www.livrariarema.com.br\/loja\/wp-json\/wp\/v2\/comments?post=261750"}],"wp:featuredmedia":[{"embeddable":true,"href":"https:\/\/www.livrariarema.com.br\/loja\/wp-json\/wp\/v2\/media\/345410"}],"wp:attachment":[{"href":"https:\/\/www.livrariarema.com.br\/loja\/wp-json\/wp\/v2\/media?parent=261750"}],"wp:term":[{"taxonomy":"product_cat","embeddable":true,"href":"https:\/\/www.livrariarema.com.br\/loja\/wp-json\/wp\/v2\/product_cat?post=261750"},{"taxonomy":"product_tag","embeddable":true,"href":"https:\/\/www.livrariarema.com.br\/loja\/wp-json\/wp\/v2\/product_tag?post=261750"}],"curies":[{"name":"wp","href":"https:\/\/api.w.org\/{rel}","templated":true}]}}