{"id":261756,"date":"2023-10-26T12:21:13","date_gmt":"2023-10-26T15:21:13","guid":{"rendered":"https:\/\/www.livrariarema.com.br\/loja\/produtos\/sem categoria\/reforma-sexual-aimee-byrd\/"},"modified":"2026-03-30T16:11:07","modified_gmt":"2026-03-30T19:11:07","slug":"reforma-sexual-aimee-byrd","status":"publish","type":"product","link":"https:\/\/www.livrariarema.com.br\/loja\/produtos\/promocao\/livros-promocao\/reforma-sexual-aimee-byrd\/","title":{"rendered":"Reforma Sexual &#8211; Aimee Byrd"},"content":{"rendered":"<p>Homem e mulher os criou&#8230;<br \/>\nMuitos crist\u00e3os ainda n\u00e3o compreendem o significado de sua sexualidade. Enquanto a sociedade fala sobre sexualidade em termos de liberdade, a igreja define masculinidade e feminilidade com base em pap\u00e9is e fun\u00e7\u00f5es &#8211; uma vis\u00e3o que n\u00e3o reflete a dignidade de sermos pessoas criadas \u00e0 imagem de Deus.<br \/>\nEm Reforma sexual, Aimee Byrd convida o leitor a adentrar a riqueza de C\u00e2ntico dos C\u00e2nticos, um livro po\u00e9tico que revela como nossos corpos comunicam verdades sobre Deus. Segundo a autora, esse livro b\u00edblico (muitas vezes negligenciado) tem muito a nos ensinar sobre Cristo, sua igreja, o homem e a mulher. E o que ele nos ensina n\u00e3o \u00e9 uma lista de pap\u00e9is e hierarquias, mas, sim, uma can\u00e7\u00e3o de amor cujos versos ressoam por toda<br \/>\nB\u00edblia com a mensagem de que nossa sexualidade transcende a biologia, a natureza e a cultura.<br \/>\nDescubra em Reforma sexual a bela mensagem de que nossos corpos &#8211; e todo o nosso ser &#8211; fazem parte da grande hist\u00f3ria na qual Cristo recebeu sua noiva, a igreja, como um presente. Dentro desse contexto, voc\u00ea redescobrir\u00e1 sua sexualidade como uma d\u00e1diva.<\/p>\n","protected":false},"excerpt":{"rendered":"<p>Homem e mulher os criou&#8230; Muitos crist\u00e3os ainda n\u00e3o compreendem o significado de sua sexualidade. Enquanto a sociedade fala sobre&hellip;<\/p>\n","protected":false},"featured_media":345287,"comment_status":"open","ping_status":"closed","template":"","meta":[],"product_cat":[143,142],"product_tag":[],"_links":{"self":[{"href":"https:\/\/www.livrariarema.com.br\/loja\/wp-json\/wp\/v2\/product\/261756"}],"collection":[{"href":"https:\/\/www.livrariarema.com.br\/loja\/wp-json\/wp\/v2\/product"}],"about":[{"href":"https:\/\/www.livrariarema.com.br\/loja\/wp-json\/wp\/v2\/types\/product"}],"replies":[{"embeddable":true,"href":"https:\/\/www.livrariarema.com.br\/loja\/wp-json\/wp\/v2\/comments?post=261756"}],"wp:featuredmedia":[{"embeddable":true,"href":"https:\/\/www.livrariarema.com.br\/loja\/wp-json\/wp\/v2\/media\/345287"}],"wp:attachment":[{"href":"https:\/\/www.livrariarema.com.br\/loja\/wp-json\/wp\/v2\/media?parent=261756"}],"wp:term":[{"taxonomy":"product_cat","embeddable":true,"href":"https:\/\/www.livrariarema.com.br\/loja\/wp-json\/wp\/v2\/product_cat?post=261756"},{"taxonomy":"product_tag","embeddable":true,"href":"https:\/\/www.livrariarema.com.br\/loja\/wp-json\/wp\/v2\/product_tag?post=261756"}],"curies":[{"name":"wp","href":"https:\/\/api.w.org\/{rel}","templated":true}]}}