{"id":261758,"date":"2023-10-26T12:21:19","date_gmt":"2023-10-26T15:21:19","guid":{"rendered":"https:\/\/www.livrariarema.com.br\/loja\/produtos\/sem%20categoria\/acolhida-lysa-terkeurst\/"},"modified":"2026-03-14T11:10:48","modified_gmt":"2026-03-14T14:10:48","slug":"acolhida-lysa-terkeurst","status":"publish","type":"product","link":"https:\/\/www.livrariarema.com.br\/loja\/produtos\/livros\/devocional\/acolhida-lysa-terkeurst\/","title":{"rendered":"Acolhida &#8211; Lysa Terkeurst"},"content":{"rendered":"<p>Nossos cora\u00e7\u00f5es foram feitos para amor e seguran\u00e7a, mas muitas vezes estamos t\u00e3o acostumadas com a dor, o desgosto e o medo, que nos afastamos dos gestos de cuidado e carinho. Em &#8220;Acolhida: 100 devocionais para saber que Deus est\u00e1 te abra\u00e7ando&#8221;, Lysa TerKeurst compartilha suas pr\u00f3prias lutas e d\u00favidas enquanto aponta para a Acolhida Definitiva: os bra\u00e7os abertos de Jesus no Calv\u00e1rio nos puxando para perto de Deus. E porque fomos totalmente acolhidas por Ele, podemos passar nossas vidas confiando em seus caminhos.<br \/>\nS\u00e3o 100 devocionais e sugest\u00f5es de ora\u00e7\u00e3o que ajudar\u00e3o a leitora a libertar-se das lutas que a mant\u00e9m ref\u00e9m, entregar as m\u00e1goas mais profundas nas m\u00e3os do Senhor, aprender a buscar orienta\u00e7\u00e3o divina e perceber a presen\u00e7a de Deus em sua vida, mesmo quando Ele parecer distante. Com um tom leve e familiar, a autora parte de suas pr\u00f3prias experi\u00eancias para mostrar que Deus est\u00e1 de bra\u00e7os abertos para acolher todas as nossas inquieta\u00e7\u00f5es.<\/p>\n","protected":false},"excerpt":{"rendered":"<p>Nossos cora\u00e7\u00f5es foram feitos para amor e seguran\u00e7a, mas muitas vezes estamos t\u00e3o acostumadas com a dor, o desgosto e&hellip;<\/p>\n","protected":false},"featured_media":343356,"comment_status":"open","ping_status":"closed","template":"","meta":[],"product_cat":[158,134],"product_tag":[],"_links":{"self":[{"href":"https:\/\/www.livrariarema.com.br\/loja\/wp-json\/wp\/v2\/product\/261758"}],"collection":[{"href":"https:\/\/www.livrariarema.com.br\/loja\/wp-json\/wp\/v2\/product"}],"about":[{"href":"https:\/\/www.livrariarema.com.br\/loja\/wp-json\/wp\/v2\/types\/product"}],"replies":[{"embeddable":true,"href":"https:\/\/www.livrariarema.com.br\/loja\/wp-json\/wp\/v2\/comments?post=261758"}],"wp:featuredmedia":[{"embeddable":true,"href":"https:\/\/www.livrariarema.com.br\/loja\/wp-json\/wp\/v2\/media\/343356"}],"wp:attachment":[{"href":"https:\/\/www.livrariarema.com.br\/loja\/wp-json\/wp\/v2\/media?parent=261758"}],"wp:term":[{"taxonomy":"product_cat","embeddable":true,"href":"https:\/\/www.livrariarema.com.br\/loja\/wp-json\/wp\/v2\/product_cat?post=261758"},{"taxonomy":"product_tag","embeddable":true,"href":"https:\/\/www.livrariarema.com.br\/loja\/wp-json\/wp\/v2\/product_tag?post=261758"}],"curies":[{"name":"wp","href":"https:\/\/api.w.org\/{rel}","templated":true}]}}