{"id":261782,"date":"2023-10-26T16:33:46","date_gmt":"2023-10-26T19:33:46","guid":{"rendered":"https:\/\/www.livrariarema.com.br\/loja\/produtos\/sem%20categoria\/mensageiro-o-2023\/"},"modified":"2025-12-24T12:51:43","modified_gmt":"2025-12-24T15:51:43","slug":"mensageiro-o-2023","status":"publish","type":"product","link":"https:\/\/www.livrariarema.com.br\/loja\/produtos\/livros\/devocional\/mensageiro-o-2023\/","title":{"rendered":"Mensageiro, O &#8211; 2026"},"content":{"rendered":"<p>Inspirado na l\u00edngua alem\u00e3 Lebensbrotkalender foi criado o primeiro exemplar do Mensageiro em 1984 por Peter Pauls. Peter foi um homem muito usado por Deus.<\/p>\n<p>Crendo que sua inspira\u00e7\u00e3o era um plano de Deus, para que todos conhe\u00e7am a Palavra e a verdade. Com mais de 30 anos de exist\u00eancia, O Mensageiro continua crescendo a cada dia que passa, e tem sido um livrinho de pequena estatura, e de grande ajuda a muitas pessoas que o recebem e adquirem.<\/p>\n","protected":false},"excerpt":{"rendered":"<p>Inspirado na l\u00edngua alem\u00e3 Lebensbrotkalender foi criado o primeiro exemplar do Mensageiro em 1984 por Peter Pauls. Peter foi um&hellip;<\/p>\n","protected":false},"featured_media":340661,"comment_status":"open","ping_status":"closed","template":"","meta":[],"product_cat":[158,134],"product_tag":[],"_links":{"self":[{"href":"https:\/\/www.livrariarema.com.br\/loja\/wp-json\/wp\/v2\/product\/261782"}],"collection":[{"href":"https:\/\/www.livrariarema.com.br\/loja\/wp-json\/wp\/v2\/product"}],"about":[{"href":"https:\/\/www.livrariarema.com.br\/loja\/wp-json\/wp\/v2\/types\/product"}],"replies":[{"embeddable":true,"href":"https:\/\/www.livrariarema.com.br\/loja\/wp-json\/wp\/v2\/comments?post=261782"}],"wp:featuredmedia":[{"embeddable":true,"href":"https:\/\/www.livrariarema.com.br\/loja\/wp-json\/wp\/v2\/media\/340661"}],"wp:attachment":[{"href":"https:\/\/www.livrariarema.com.br\/loja\/wp-json\/wp\/v2\/media?parent=261782"}],"wp:term":[{"taxonomy":"product_cat","embeddable":true,"href":"https:\/\/www.livrariarema.com.br\/loja\/wp-json\/wp\/v2\/product_cat?post=261782"},{"taxonomy":"product_tag","embeddable":true,"href":"https:\/\/www.livrariarema.com.br\/loja\/wp-json\/wp\/v2\/product_tag?post=261782"}],"curies":[{"name":"wp","href":"https:\/\/api.w.org\/{rel}","templated":true}]}}