{"id":261965,"date":"2023-10-27T16:38:33","date_gmt":"2023-10-27T19:38:33","guid":{"rendered":"https:\/\/www.livrariarema.com.br\/loja\/produtos\/sem categoria\/lideranca-que-deus-valoriza-a-17-valores-que-moldam-o-sucesso-richard-stearns\/"},"modified":"2025-03-10T11:49:41","modified_gmt":"2025-03-10T14:49:41","slug":"lideranca-que-deus-valoriza-a-17-valores-que-moldam-o-sucesso-richard-stearns","status":"publish","type":"product","link":"https:\/\/www.livrariarema.com.br\/loja\/produtos\/livros\/lideranca\/lideranca-que-deus-valoriza-a-17-valores-que-moldam-o-sucesso-richard-stearns\/","title":{"rendered":"Lideran\u00e7a Que Deus Valoriza, A: 17 Valores Que Moldam O Sucesso &#8211; Richard Stearns"},"content":{"rendered":"<p>Richard Stearns \u00e9 um l\u00edder que atuou como CEO de empresas e como chefe de uma das maiores ONGs do mundo. Quando aceitou o convite para deixar a carreira corporativa e se tornar presidente da Vis\u00e3o Mundial americana &#8211; o presidente mais longevo nos setenta anos de hist\u00f3ria da organiza\u00e7\u00e3o -, Stearns implementou pr\u00e1ticas corporativas de excel\u00eancia, reduzindo despesas e triplicando receitas. Sua lideran\u00e7a foi essencial para chamar a igreja americana para responder a algumas das maiores crises de nosso tempo, notadamente a pandemia de HIV\/AIDS e a crise global de refugiados, quando desafiou os crist\u00e3os a abra\u00e7arem uma vis\u00e3o ousada de compaix\u00e3o, miseric\u00f3rdia e justi\u00e7a.<\/p>\n<p>Em A lideran\u00e7a que Deus valoriza, Stearns compartilha os princ\u00edpios de lideran\u00e7a que aprendeu ao longo de sua not\u00e1vel carreira. Como um l\u00edder que navegou por espa\u00e7os religiosos e n\u00e3o religiosos, Stearns afirma que os valores adotados pelos l\u00edderes crist\u00e3os em seu local de trabalho s\u00e3o, na verdade, mais importantes que os resultados alcan\u00e7ados &#8211; que Deus est\u00e1 mais preocupado com o car\u00e1ter do que com o sucesso de um l\u00edder. <\/p>\n<p>Com sabedoria, intelig\u00eancia e ensino b\u00edblico, Stearns compartilha hist\u00f3rias relevantes de sua jornada de vida e desvenda valores cruciais que podem transformar l\u00edderes e suas organiza\u00e7\u00f5es. Quando os l\u00edderes incorporam valores como integridade, coragem, excel\u00eancia, perd\u00e3o, humildade, entrega, equil\u00edbrio, generosidade, perseveran\u00e7a, amor e encorajamento, entre outros, eles n\u00e3o apenas melhoram seu testemunho de Cristo, mas tamb\u00e9m moldam institui\u00e7\u00f5es, influenciam a cultura, elevam o desempenho da equipe e criam locais de trabalho saud\u00e1veis onde as pessoas podem prosperar.<\/p>\n","protected":false},"excerpt":{"rendered":"<p>Richard Stearns \u00e9 um l\u00edder que atuou como CEO de empresas e como chefe de uma das maiores ONGs do&hellip;<\/p>\n","protected":false},"featured_media":327978,"comment_status":"open","ping_status":"closed","template":"","meta":[],"product_cat":[153,134],"product_tag":[],"_links":{"self":[{"href":"https:\/\/www.livrariarema.com.br\/loja\/wp-json\/wp\/v2\/product\/261965"}],"collection":[{"href":"https:\/\/www.livrariarema.com.br\/loja\/wp-json\/wp\/v2\/product"}],"about":[{"href":"https:\/\/www.livrariarema.com.br\/loja\/wp-json\/wp\/v2\/types\/product"}],"replies":[{"embeddable":true,"href":"https:\/\/www.livrariarema.com.br\/loja\/wp-json\/wp\/v2\/comments?post=261965"}],"wp:featuredmedia":[{"embeddable":true,"href":"https:\/\/www.livrariarema.com.br\/loja\/wp-json\/wp\/v2\/media\/327978"}],"wp:attachment":[{"href":"https:\/\/www.livrariarema.com.br\/loja\/wp-json\/wp\/v2\/media?parent=261965"}],"wp:term":[{"taxonomy":"product_cat","embeddable":true,"href":"https:\/\/www.livrariarema.com.br\/loja\/wp-json\/wp\/v2\/product_cat?post=261965"},{"taxonomy":"product_tag","embeddable":true,"href":"https:\/\/www.livrariarema.com.br\/loja\/wp-json\/wp\/v2\/product_tag?post=261965"}],"curies":[{"name":"wp","href":"https:\/\/api.w.org\/{rel}","templated":true}]}}