{"id":261982,"date":"2023-10-27T16:39:33","date_gmt":"2023-10-27T19:39:33","guid":{"rendered":"https:\/\/www.livrariarema.com.br\/loja\/produtos\/sem%20categoria\/cinco-linguagens-do-amor-na-pratica-as-gary-chapman\/"},"modified":"2026-02-13T18:40:48","modified_gmt":"2026-02-13T21:40:48","slug":"cinco-linguagens-do-amor-na-pratica-as-gary-chapman","status":"publish","type":"product","link":"https:\/\/www.livrariarema.com.br\/loja\/produtos\/livros\/devocional\/cinco-linguagens-do-amor-na-pratica-as-gary-chapman\/","title":{"rendered":"Cinco Linguagens Do Amor Na Pr\u00e1tica, As &#8211; Gary Chapman"},"content":{"rendered":"<p>Em `As 5 Linguagens do Amor na Pr\u00e1tica`, Gary Chapman compartilha sua vasta experi\u00eancia de mais de quarenta anos de minist\u00e9rio para oferecer aos casais um livro que pode revolucionar seus casamentos em apenas cinco minutos di\u00e1rios.<\/p>\n<p>Este livro sonoro proporciona aos parceiros a oportunidade de aprender e aplica princ\u00edpios transformadores para a vida a dois. Cada dia, os casais exploram t\u00f3picos importantes, como sexualidade, finan\u00e7as, cria\u00e7\u00e3o de filhos, diferentes fases do casamento, relacionamentos familiares, espiritualidade e comunica\u00e7\u00e3o interpessoal.<\/p>\n<p>O formato de cada devocional inclui a leitura de um vers\u00edculo b\u00edblico, orienta\u00e7\u00f5es pr\u00e1ticas, uma ora\u00e7\u00e3o e espa\u00e7o para que o casal escreva como planeja aplicar o que aprendeu. Al\u00e9m disso, cada p\u00e1gina oferece espa\u00e7o adicional para anota\u00e7\u00f5es, colagens e ilustra\u00e7\u00f5es, tornando a experi\u00eancia mais pessoal.<\/p>\n<p>Este livro n\u00e3o \u00e9 apenas para casais, mas tamb\u00e9m \u00e9 valioso para namorados e noivos que desejam compreender o segredo de um relacionamento saud\u00e1vel e duradouro. Al\u00e9m disso, pode ser uma excelente literatura para cursos de casais e minist\u00e9rios dedicados \u00e0 restaura\u00e7\u00e3o de relacionamentos.&#8221;<\/p>\n","protected":false},"excerpt":{"rendered":"<p>Em `As 5 Linguagens do Amor na Pr\u00e1tica`, Gary Chapman compartilha sua vasta experi\u00eancia de mais de quarenta anos de&hellip;<\/p>\n","protected":false},"featured_media":344255,"comment_status":"open","ping_status":"closed","template":"","meta":[],"product_cat":[158,134],"product_tag":[],"_links":{"self":[{"href":"https:\/\/www.livrariarema.com.br\/loja\/wp-json\/wp\/v2\/product\/261982"}],"collection":[{"href":"https:\/\/www.livrariarema.com.br\/loja\/wp-json\/wp\/v2\/product"}],"about":[{"href":"https:\/\/www.livrariarema.com.br\/loja\/wp-json\/wp\/v2\/types\/product"}],"replies":[{"embeddable":true,"href":"https:\/\/www.livrariarema.com.br\/loja\/wp-json\/wp\/v2\/comments?post=261982"}],"wp:featuredmedia":[{"embeddable":true,"href":"https:\/\/www.livrariarema.com.br\/loja\/wp-json\/wp\/v2\/media\/344255"}],"wp:attachment":[{"href":"https:\/\/www.livrariarema.com.br\/loja\/wp-json\/wp\/v2\/media?parent=261982"}],"wp:term":[{"taxonomy":"product_cat","embeddable":true,"href":"https:\/\/www.livrariarema.com.br\/loja\/wp-json\/wp\/v2\/product_cat?post=261982"},{"taxonomy":"product_tag","embeddable":true,"href":"https:\/\/www.livrariarema.com.br\/loja\/wp-json\/wp\/v2\/product_tag?post=261982"}],"curies":[{"name":"wp","href":"https:\/\/api.w.org\/{rel}","templated":true}]}}