{"id":261992,"date":"2023-10-27T16:40:03","date_gmt":"2023-10-27T19:40:03","guid":{"rendered":"https:\/\/www.livrariarema.com.br\/loja\/produtos\/sem categoria\/recriados-pela-graca-bernardo-cho\/"},"modified":"2025-12-11T15:45:18","modified_gmt":"2025-12-11T18:45:18","slug":"recriados-pela-graca-bernardo-cho","status":"publish","type":"product","link":"https:\/\/www.livrariarema.com.br\/loja\/produtos\/promocao\/livros-promocao\/recriados-pela-graca-bernardo-cho\/","title":{"rendered":"Recriados Pela Gra\u00e7a &#8211; Bernardo Cho"},"content":{"rendered":"<p>O que faz do povo de Deus o povo de Deus?<\/p>\n<p>A partir de uma exegese teol\u00f3gica da carta de Paulo aos Ef\u00e9sios, Recriados pela<br \/>\ngra\u00e7a tem o objetivo de ajudar o leitor e a leitora a se lembrarem do que faz do povo de Deus o povo de Deus, propondo-lhes um exame do que Paulo tem a dizer sobre a identidade da igreja e, desse modo, reorientar os crist\u00e3os do s\u00e9culo 21 acerca do que devem construir em seus mais diversos contextos eclesi\u00e1sticos.<\/p>\n<p>Para tal empreendimento, Bernardo Cho faz uma ampla e acess\u00edvel exposi\u00e7\u00e3o da<br \/>\nmensagem transmitida pelo ap\u00f3stolo, considerando a tridimensionalidade necess\u00e1ria a uma interpreta\u00e7\u00e3o contextual respons\u00e1vel do texto b\u00edblico &#8211; ou seja, com um olho no mundo de Paulo e dos ef\u00e9sios, e com o outro olho na igreja evang\u00e9lica brasileira de nossos dias, numa leitura teol\u00f3gica controlada pelo conte\u00fado espec\u00edfico do texto grego e pelas categorias ali impl\u00edcitas, para discernir o que o ap\u00f3stolo pensa sobre a identidade da igreja.<\/p>\n<p>Com sua conhecida habilidade exeg\u00e9tica e hermen\u00eautica, e seu cuidadoso olhar<br \/>\npastoral, ao escrever Recriados pela gra\u00e7a, Bernardo Cho n\u00e3o apenas oferece uma explica\u00e7\u00e3o clara e profunda do tema proposto, mas tamb\u00e9m traz uma mensagem de esperan\u00e7a e encorajamento para a igreja brasileira.<\/p>\n","protected":false},"excerpt":{"rendered":"<p>O que faz do povo de Deus o povo de Deus? A partir de uma exegese teol\u00f3gica da carta de&hellip;<\/p>\n","protected":false},"featured_media":342323,"comment_status":"open","ping_status":"closed","template":"","meta":[],"product_cat":[143,142],"product_tag":[],"_links":{"self":[{"href":"https:\/\/www.livrariarema.com.br\/loja\/wp-json\/wp\/v2\/product\/261992"}],"collection":[{"href":"https:\/\/www.livrariarema.com.br\/loja\/wp-json\/wp\/v2\/product"}],"about":[{"href":"https:\/\/www.livrariarema.com.br\/loja\/wp-json\/wp\/v2\/types\/product"}],"replies":[{"embeddable":true,"href":"https:\/\/www.livrariarema.com.br\/loja\/wp-json\/wp\/v2\/comments?post=261992"}],"wp:featuredmedia":[{"embeddable":true,"href":"https:\/\/www.livrariarema.com.br\/loja\/wp-json\/wp\/v2\/media\/342323"}],"wp:attachment":[{"href":"https:\/\/www.livrariarema.com.br\/loja\/wp-json\/wp\/v2\/media?parent=261992"}],"wp:term":[{"taxonomy":"product_cat","embeddable":true,"href":"https:\/\/www.livrariarema.com.br\/loja\/wp-json\/wp\/v2\/product_cat?post=261992"},{"taxonomy":"product_tag","embeddable":true,"href":"https:\/\/www.livrariarema.com.br\/loja\/wp-json\/wp\/v2\/product_tag?post=261992"}],"curies":[{"name":"wp","href":"https:\/\/api.w.org\/{rel}","templated":true}]}}