{"id":262530,"date":"2023-11-01T07:19:26","date_gmt":"2023-11-01T10:19:26","guid":{"rendered":"https:\/\/www.livrariarema.com.br\/loja\/produtos\/sem categoria\/agenda-napoli-m5-permanente\/"},"modified":"2024-10-23T12:34:02","modified_gmt":"2024-10-23T15:34:02","slug":"agenda-napoli-m5-permanente","status":"publish","type":"product","link":"https:\/\/www.livrariarema.com.br\/loja\/produtos\/papelaria\/agenda\/agenda-napoli-m5-permanente\/","title":{"rendered":"Agenda &#8211; Napoli M5 &#8211; Permanente"},"content":{"rendered":"<p>A Agenda Executiva Espiral Di\u00e1ria 12,9 x 18,7 cm Napoli Permanente tem vis\u00e3o permanente, 1 dia por p\u00e1gina. Possui capa revestida em material especial. Ideal para a organiza\u00e7\u00e3o do dia a dia, em casa ou no trabalho.<\/p>\n<p>Detalhes<br \/>\nBolsa: pl\u00e1stica<br \/>\nCapa: com material especial e dura<br \/>\nCapa acabamento: com detalhe metalizado<br \/>\nEspiral<br \/>\nPlanejamento mensal<br \/>\nProduto certificado: FSC<br \/>\nVis\u00e3o: di\u00e1ria e permanente<br \/>\nFormato: 129mm x 187mm<br \/>\nGramatura: 63 g\/m\u00b2<br \/>\nN\u00famero de folhas: 192 folhas<\/p>\n","protected":false},"excerpt":{"rendered":"<p>A Agenda Executiva Espiral Di\u00e1ria 12,9 x 18,7 cm Napoli Permanente tem vis\u00e3o permanente, 1 dia por p\u00e1gina. Possui capa&hellip;<\/p>\n","protected":false},"featured_media":306696,"comment_status":"open","ping_status":"closed","template":"","meta":[],"product_cat":[248,215],"product_tag":[],"_links":{"self":[{"href":"https:\/\/www.livrariarema.com.br\/loja\/wp-json\/wp\/v2\/product\/262530"}],"collection":[{"href":"https:\/\/www.livrariarema.com.br\/loja\/wp-json\/wp\/v2\/product"}],"about":[{"href":"https:\/\/www.livrariarema.com.br\/loja\/wp-json\/wp\/v2\/types\/product"}],"replies":[{"embeddable":true,"href":"https:\/\/www.livrariarema.com.br\/loja\/wp-json\/wp\/v2\/comments?post=262530"}],"wp:featuredmedia":[{"embeddable":true,"href":"https:\/\/www.livrariarema.com.br\/loja\/wp-json\/wp\/v2\/media\/306696"}],"wp:attachment":[{"href":"https:\/\/www.livrariarema.com.br\/loja\/wp-json\/wp\/v2\/media?parent=262530"}],"wp:term":[{"taxonomy":"product_cat","embeddable":true,"href":"https:\/\/www.livrariarema.com.br\/loja\/wp-json\/wp\/v2\/product_cat?post=262530"},{"taxonomy":"product_tag","embeddable":true,"href":"https:\/\/www.livrariarema.com.br\/loja\/wp-json\/wp\/v2\/product_tag?post=262530"}],"curies":[{"name":"wp","href":"https:\/\/api.w.org\/{rel}","templated":true}]}}