{"id":262733,"date":"2023-11-01T12:55:09","date_gmt":"2023-11-01T15:55:09","guid":{"rendered":"https:\/\/www.livrariarema.com.br\/loja\/produtos\/sem categoria\/caderno-universitario-80-folhas-le-vanille\/"},"modified":"2026-03-06T09:50:52","modified_gmt":"2026-03-06T12:50:52","slug":"caderno-universitario-80-folhas-le-vanille","status":"publish","type":"product","link":"https:\/\/www.livrariarema.com.br\/loja\/produtos\/papelaria\/caderno\/caderno-universitario-80-folhas-le-vanille\/","title":{"rendered":"Caderno Universit\u00e1rio 80 Folhas &#8211; Le Vanille"},"content":{"rendered":"<p>O Caderno Espiral Capa Dura Universit\u00e1rio 1 Mat\u00e9ria Le Vanille 80 Folhas possui capa dura parte interna decorada, bolsa de papel decorada para guardar trabalhos e anota\u00e7\u00f5es, folha com adesivos funcionais, folhas pautadas decoradas e espiral colorido. Ideal para o dia a dia na escola ou na faculdade.<\/p>\n<p>* Vendido Individualmente<\/p>\n","protected":false},"excerpt":{"rendered":"<p>O Caderno Espiral Capa Dura Universit\u00e1rio 1 Mat\u00e9ria Le Vanille 80 Folhas possui capa dura parte interna decorada, bolsa de&hellip;<\/p>\n","protected":false},"featured_media":278790,"comment_status":"open","ping_status":"closed","template":"","meta":[],"product_cat":[230,215],"product_tag":[],"_links":{"self":[{"href":"https:\/\/www.livrariarema.com.br\/loja\/wp-json\/wp\/v2\/product\/262733"}],"collection":[{"href":"https:\/\/www.livrariarema.com.br\/loja\/wp-json\/wp\/v2\/product"}],"about":[{"href":"https:\/\/www.livrariarema.com.br\/loja\/wp-json\/wp\/v2\/types\/product"}],"replies":[{"embeddable":true,"href":"https:\/\/www.livrariarema.com.br\/loja\/wp-json\/wp\/v2\/comments?post=262733"}],"wp:featuredmedia":[{"embeddable":true,"href":"https:\/\/www.livrariarema.com.br\/loja\/wp-json\/wp\/v2\/media\/278790"}],"wp:attachment":[{"href":"https:\/\/www.livrariarema.com.br\/loja\/wp-json\/wp\/v2\/media?parent=262733"}],"wp:term":[{"taxonomy":"product_cat","embeddable":true,"href":"https:\/\/www.livrariarema.com.br\/loja\/wp-json\/wp\/v2\/product_cat?post=262733"},{"taxonomy":"product_tag","embeddable":true,"href":"https:\/\/www.livrariarema.com.br\/loja\/wp-json\/wp\/v2\/product_tag?post=262733"}],"curies":[{"name":"wp","href":"https:\/\/api.w.org\/{rel}","templated":true}]}}