{"id":262740,"date":"2023-11-01T12:55:37","date_gmt":"2023-11-01T15:55:37","guid":{"rendered":"https:\/\/www.livrariarema.com.br\/loja\/produtos\/sem categoria\/caderno-grampeado-32-folhas-soho\/"},"modified":"2024-10-15T12:02:31","modified_gmt":"2024-10-15T15:02:31","slug":"caderno-grampeado-32-folhas-soho","status":"publish","type":"product","link":"https:\/\/www.livrariarema.com.br\/loja\/produtos\/papelaria\/caderno\/caderno-grampeado-32-folhas-soho\/","title":{"rendered":"Caderno Grampeado 32 Folhas &#8211; Soho"},"content":{"rendered":"<p>O Caderno Grampeado Flex\u00edvel Soho 32 Folhas \u00e9 ideal para organiza\u00e7\u00e3o. Possui capa flex\u00edvel com detalhe metalizado e folhas pautadas para trazer praticidade ao dia a dia.<\/p>\n<p>* Vendido Individualmente<\/p>\n","protected":false},"excerpt":{"rendered":"<p>O Caderno Grampeado Flex\u00edvel Soho 32 Folhas \u00e9 ideal para organiza\u00e7\u00e3o. Possui capa flex\u00edvel com detalhe metalizado e folhas pautadas&hellip;<\/p>\n","protected":false},"featured_media":287021,"comment_status":"open","ping_status":"closed","template":"","meta":[],"product_cat":[230,215],"product_tag":[],"_links":{"self":[{"href":"https:\/\/www.livrariarema.com.br\/loja\/wp-json\/wp\/v2\/product\/262740"}],"collection":[{"href":"https:\/\/www.livrariarema.com.br\/loja\/wp-json\/wp\/v2\/product"}],"about":[{"href":"https:\/\/www.livrariarema.com.br\/loja\/wp-json\/wp\/v2\/types\/product"}],"replies":[{"embeddable":true,"href":"https:\/\/www.livrariarema.com.br\/loja\/wp-json\/wp\/v2\/comments?post=262740"}],"wp:featuredmedia":[{"embeddable":true,"href":"https:\/\/www.livrariarema.com.br\/loja\/wp-json\/wp\/v2\/media\/287021"}],"wp:attachment":[{"href":"https:\/\/www.livrariarema.com.br\/loja\/wp-json\/wp\/v2\/media?parent=262740"}],"wp:term":[{"taxonomy":"product_cat","embeddable":true,"href":"https:\/\/www.livrariarema.com.br\/loja\/wp-json\/wp\/v2\/product_cat?post=262740"},{"taxonomy":"product_tag","embeddable":true,"href":"https:\/\/www.livrariarema.com.br\/loja\/wp-json\/wp\/v2\/product_tag?post=262740"}],"curies":[{"name":"wp","href":"https:\/\/api.w.org\/{rel}","templated":true}]}}