{"id":262773,"date":"2023-11-01T12:57:39","date_gmt":"2023-11-01T15:57:39","guid":{"rendered":"https:\/\/www.livrariarema.com.br\/loja\/produtos\/sem categoria\/caderno-colegial-tilidisco-80-folhas-west-village\/"},"modified":"2026-03-24T10:57:25","modified_gmt":"2026-03-24T13:57:25","slug":"caderno-colegial-tilidisco-80-folhas-west-village","status":"publish","type":"product","link":"https:\/\/www.livrariarema.com.br\/loja\/produtos\/promocao\/papelaria-promocao\/caderno-colegial-tilidisco-80-folhas-west-village\/","title":{"rendered":"Caderno Colegial Tilidisco 80 Folhas &#8211; West Village"},"content":{"rendered":"<p>O Caderno Colegial Tilidisco 1 Mat\u00e9ria West Village garante a liberdade para voc\u00ea se organizar como bem entender. O produto \u00e9 desenvolvido com capa dura remov\u00edvel, 11 discos coloridos, bolsa pl\u00e1stica, \u00edndice, separador de mat\u00e9rias, adesivos para decorar e miolo pautado com 80 folhas, de 90 g\/m\u00b2, soltas que podem ser tiradas e adicionadas quantas vezes quiser.<\/p>\n<p>Detalhes<br \/>\nAcess\u00f3rios: 9 discos com 26 mm de di\u00e2metro<br \/>\nBolsa<br \/>\nCapa acabamento: com detalhe metalizado<br \/>\nCapa e Contracapa: duras, costuradas, com acabamento pl\u00e1stico para encaixe dos discos<br \/>\nDiscos: 9 unidades com 26 mm de di\u00e2metro<br \/>\nFolha de adesivos<br \/>\nFolhas: pautadas decoradas<br \/>\n\u00cdndice: decorado<br \/>\nN\u00famero de mat\u00e9rias: 1 mat\u00e9ria<br \/>\nParte interna da capa decorada<br \/>\nProduto certificado: FSC<br \/>\nFormato: 177mm x 240mm<br \/>\nGramatura: 90 g\/m\u00b2<br \/>\nN\u00famero de folhas: 80 folhas<\/p>\n","protected":false},"excerpt":{"rendered":"<p>O Caderno Colegial Tilidisco 1 Mat\u00e9ria West Village garante a liberdade para voc\u00ea se organizar como bem entender. O produto&hellip;<\/p>\n","protected":false},"featured_media":346471,"comment_status":"open","ping_status":"closed","template":"","meta":[],"product_cat":[307,142],"product_tag":[],"_links":{"self":[{"href":"https:\/\/www.livrariarema.com.br\/loja\/wp-json\/wp\/v2\/product\/262773"}],"collection":[{"href":"https:\/\/www.livrariarema.com.br\/loja\/wp-json\/wp\/v2\/product"}],"about":[{"href":"https:\/\/www.livrariarema.com.br\/loja\/wp-json\/wp\/v2\/types\/product"}],"replies":[{"embeddable":true,"href":"https:\/\/www.livrariarema.com.br\/loja\/wp-json\/wp\/v2\/comments?post=262773"}],"wp:featuredmedia":[{"embeddable":true,"href":"https:\/\/www.livrariarema.com.br\/loja\/wp-json\/wp\/v2\/media\/346471"}],"wp:attachment":[{"href":"https:\/\/www.livrariarema.com.br\/loja\/wp-json\/wp\/v2\/media?parent=262773"}],"wp:term":[{"taxonomy":"product_cat","embeddable":true,"href":"https:\/\/www.livrariarema.com.br\/loja\/wp-json\/wp\/v2\/product_cat?post=262773"},{"taxonomy":"product_tag","embeddable":true,"href":"https:\/\/www.livrariarema.com.br\/loja\/wp-json\/wp\/v2\/product_tag?post=262773"}],"curies":[{"name":"wp","href":"https:\/\/api.w.org\/{rel}","templated":true}]}}