{"id":262779,"date":"2023-11-01T12:57:56","date_gmt":"2023-11-01T15:57:56","guid":{"rendered":"https:\/\/www.livrariarema.com.br\/loja\/produtos\/sem%20categoria\/caderno-grampeado-colegial-32-folhas-happy\/"},"modified":"2024-10-10T00:08:51","modified_gmt":"2024-10-10T03:08:51","slug":"caderno-grampeado-colegial-32-folhas-happy","status":"publish","type":"product","link":"https:\/\/www.livrariarema.com.br\/loja\/produtos\/papelaria\/caderno\/caderno-grampeado-colegial-32-folhas-happy\/","title":{"rendered":"Caderno Colegial 32 Folhas &#8211; Grampeado &#8211; Happy"},"content":{"rendered":"<p>O Caderno Colegial Grampeado Flex\u00edvel Happy 32 Folhas \u00e9 ideal para organiza\u00e7\u00e3o. Possui capa flex\u00edvel com detalhe metalizado e folhas pautadas para trazer praticidade ao dia a dia.<\/p>\n<p>* Vendido Individualmente<\/p>\n","protected":false},"excerpt":{"rendered":"<p>O Caderno Colegial Grampeado Flex\u00edvel Happy 32 Folhas \u00e9 ideal para organiza\u00e7\u00e3o. Possui capa flex\u00edvel com detalhe metalizado e folhas&hellip;<\/p>\n","protected":false},"featured_media":308646,"comment_status":"open","ping_status":"closed","template":"","meta":[],"product_cat":[230,215],"product_tag":[],"_links":{"self":[{"href":"https:\/\/www.livrariarema.com.br\/loja\/wp-json\/wp\/v2\/product\/262779"}],"collection":[{"href":"https:\/\/www.livrariarema.com.br\/loja\/wp-json\/wp\/v2\/product"}],"about":[{"href":"https:\/\/www.livrariarema.com.br\/loja\/wp-json\/wp\/v2\/types\/product"}],"replies":[{"embeddable":true,"href":"https:\/\/www.livrariarema.com.br\/loja\/wp-json\/wp\/v2\/comments?post=262779"}],"wp:featuredmedia":[{"embeddable":true,"href":"https:\/\/www.livrariarema.com.br\/loja\/wp-json\/wp\/v2\/media\/308646"}],"wp:attachment":[{"href":"https:\/\/www.livrariarema.com.br\/loja\/wp-json\/wp\/v2\/media?parent=262779"}],"wp:term":[{"taxonomy":"product_cat","embeddable":true,"href":"https:\/\/www.livrariarema.com.br\/loja\/wp-json\/wp\/v2\/product_cat?post=262779"},{"taxonomy":"product_tag","embeddable":true,"href":"https:\/\/www.livrariarema.com.br\/loja\/wp-json\/wp\/v2\/product_tag?post=262779"}],"curies":[{"name":"wp","href":"https:\/\/api.w.org\/{rel}","templated":true}]}}