{"id":263219,"date":"2023-11-06T16:40:08","date_gmt":"2023-11-06T19:40:08","guid":{"rendered":"https:\/\/www.livrariarema.com.br\/loja\/produtos\/sem categoria\/caderno-costurado-80-folhas-cambridge-g-preto-com-pauta\/"},"modified":"2026-02-19T15:46:04","modified_gmt":"2026-02-19T18:46:04","slug":"caderno-costurado-80-folhas-cambridge-g-preto-com-pauta","status":"publish","type":"product","link":"https:\/\/www.livrariarema.com.br\/loja\/produtos\/papelaria\/caderno\/caderno-costurado-80-folhas-cambridge-g-preto-com-pauta\/","title":{"rendered":"Caderno Costurado 80 Folhas &#8211; Cambridge &#8211; G &#8211; Preto &#8211; Com Pauta"},"content":{"rendered":"<p>A tradicional marca Cambridge conta com uma cole\u00e7\u00e3o completa desenvolvida em materiais diferenciados e com visual sofisticado para garantir eleg\u00e2ncia ao ambiente profissional.<br \/>\nO Caderno Costurado Executivo Capa Dura Fitto G com Pauta Cambridge 80 Folhas possui capa dura com material especial, el\u00e1stico, fitilho e folhas pautadas. Ideal para o dia a dia.<\/p>\n<p>Capa: Com el\u00e1stico, Dura<br \/>\nFolhas: Pautadas<br \/>\nFormato: 128mm x 208mm<br \/>\nGramatura: 90 g\/m\u00b2<br \/>\nProduto certificado: FSC<br \/>\nN\u00famero de folhas: 80 folhas<br \/>\nCapa acabamento: Com material especial<br \/>\nFitilho<\/p>\n","protected":false},"excerpt":{"rendered":"<p>A tradicional marca Cambridge conta com uma cole\u00e7\u00e3o completa desenvolvida em materiais diferenciados e com visual sofisticado para garantir eleg\u00e2ncia&hellip;<\/p>\n","protected":false},"featured_media":327327,"comment_status":"open","ping_status":"closed","template":"","meta":[],"product_cat":[230,215],"product_tag":[],"_links":{"self":[{"href":"https:\/\/www.livrariarema.com.br\/loja\/wp-json\/wp\/v2\/product\/263219"}],"collection":[{"href":"https:\/\/www.livrariarema.com.br\/loja\/wp-json\/wp\/v2\/product"}],"about":[{"href":"https:\/\/www.livrariarema.com.br\/loja\/wp-json\/wp\/v2\/types\/product"}],"replies":[{"embeddable":true,"href":"https:\/\/www.livrariarema.com.br\/loja\/wp-json\/wp\/v2\/comments?post=263219"}],"wp:featuredmedia":[{"embeddable":true,"href":"https:\/\/www.livrariarema.com.br\/loja\/wp-json\/wp\/v2\/media\/327327"}],"wp:attachment":[{"href":"https:\/\/www.livrariarema.com.br\/loja\/wp-json\/wp\/v2\/media?parent=263219"}],"wp:term":[{"taxonomy":"product_cat","embeddable":true,"href":"https:\/\/www.livrariarema.com.br\/loja\/wp-json\/wp\/v2\/product_cat?post=263219"},{"taxonomy":"product_tag","embeddable":true,"href":"https:\/\/www.livrariarema.com.br\/loja\/wp-json\/wp\/v2\/product_tag?post=263219"}],"curies":[{"name":"wp","href":"https:\/\/api.w.org\/{rel}","templated":true}]}}