{"id":263289,"date":"2023-11-06T16:47:26","date_gmt":"2023-11-06T19:47:26","guid":{"rendered":"https:\/\/www.livrariarema.com.br\/loja\/produtos\/sem%20categoria\/cartilha-de-atividades-maleta-descobrindo-os-alimentos\/"},"modified":"2025-03-05T16:14:29","modified_gmt":"2025-03-05T19:14:29","slug":"cartilha-de-atividades-maleta-descobrindo-os-alimentos","status":"publish","type":"product","link":"https:\/\/www.livrariarema.com.br\/loja\/produtos\/livros\/infantil\/cartilha-de-atividades-maleta-descobrindo-os-alimentos\/","title":{"rendered":"Cartilha De Atividades &#8211; Maleta &#8211; Descobrindo Os Alimentos"},"content":{"rendered":"<p>A maleta de atividades &#8220;Descobrindo os alimentos&#8221; tem como objetivo estimular o conhecimento e identifica\u00e7\u00e3o dos alimentos, estimular a curiosidade das crian\u00e7as em rela\u00e7\u00e3o a sabores e incentivar a alimenta\u00e7\u00e3o saud\u00e1vel. O produto tem 8 folhas e cartela de adesivos interativa com as atividades.<\/p>\n","protected":false},"excerpt":{"rendered":"<p>A maleta de atividades &#8220;Descobrindo os alimentos&#8221; tem como objetivo estimular o conhecimento e identifica\u00e7\u00e3o dos alimentos, estimular a curiosidade&hellip;<\/p>\n","protected":false},"featured_media":326543,"comment_status":"open","ping_status":"closed","template":"","meta":[],"product_cat":[144,134],"product_tag":[],"_links":{"self":[{"href":"https:\/\/www.livrariarema.com.br\/loja\/wp-json\/wp\/v2\/product\/263289"}],"collection":[{"href":"https:\/\/www.livrariarema.com.br\/loja\/wp-json\/wp\/v2\/product"}],"about":[{"href":"https:\/\/www.livrariarema.com.br\/loja\/wp-json\/wp\/v2\/types\/product"}],"replies":[{"embeddable":true,"href":"https:\/\/www.livrariarema.com.br\/loja\/wp-json\/wp\/v2\/comments?post=263289"}],"wp:featuredmedia":[{"embeddable":true,"href":"https:\/\/www.livrariarema.com.br\/loja\/wp-json\/wp\/v2\/media\/326543"}],"wp:attachment":[{"href":"https:\/\/www.livrariarema.com.br\/loja\/wp-json\/wp\/v2\/media?parent=263289"}],"wp:term":[{"taxonomy":"product_cat","embeddable":true,"href":"https:\/\/www.livrariarema.com.br\/loja\/wp-json\/wp\/v2\/product_cat?post=263289"},{"taxonomy":"product_tag","embeddable":true,"href":"https:\/\/www.livrariarema.com.br\/loja\/wp-json\/wp\/v2\/product_tag?post=263289"}],"curies":[{"name":"wp","href":"https:\/\/api.w.org\/{rel}","templated":true}]}}