{"id":263303,"date":"2023-11-06T16:48:20","date_gmt":"2023-11-06T19:48:20","guid":{"rendered":"https:\/\/www.livrariarema.com.br\/loja\/produtos\/sem categoria\/cartilha-de-atividades-alfabetizacao\/"},"modified":"2025-03-05T16:15:07","modified_gmt":"2025-03-05T19:15:07","slug":"cartilha-de-atividades-alfabetizacao","status":"publish","type":"product","link":"https:\/\/www.livrariarema.com.br\/loja\/produtos\/livros\/infantil\/cartilha-de-atividades-alfabetizacao\/","title":{"rendered":"Cartilha De Atividades &#8211; Alfabetiza\u00e7\u00e3o"},"content":{"rendered":"<p>A nova linha de produtos Aprender, Brincar e Colorir visa estimular o desenvolvimento criativo e motor das crian\u00e7as a partir de 3 anos, transformando os momentos mais simples em pura divers\u00e3o. Possui capa flex\u00edvel, folha de adesivos e 16 p\u00e1ginas de tamanho adequado para a letra de quem est\u00e1 come\u00e7ando a aprender a escrever.<\/p>\n","protected":false},"excerpt":{"rendered":"<p>A nova linha de produtos Aprender, Brincar e Colorir visa estimular o desenvolvimento criativo e motor das crian\u00e7as a partir&hellip;<\/p>\n","protected":false},"featured_media":326547,"comment_status":"open","ping_status":"closed","template":"","meta":[],"product_cat":[144,134],"product_tag":[],"_links":{"self":[{"href":"https:\/\/www.livrariarema.com.br\/loja\/wp-json\/wp\/v2\/product\/263303"}],"collection":[{"href":"https:\/\/www.livrariarema.com.br\/loja\/wp-json\/wp\/v2\/product"}],"about":[{"href":"https:\/\/www.livrariarema.com.br\/loja\/wp-json\/wp\/v2\/types\/product"}],"replies":[{"embeddable":true,"href":"https:\/\/www.livrariarema.com.br\/loja\/wp-json\/wp\/v2\/comments?post=263303"}],"wp:featuredmedia":[{"embeddable":true,"href":"https:\/\/www.livrariarema.com.br\/loja\/wp-json\/wp\/v2\/media\/326547"}],"wp:attachment":[{"href":"https:\/\/www.livrariarema.com.br\/loja\/wp-json\/wp\/v2\/media?parent=263303"}],"wp:term":[{"taxonomy":"product_cat","embeddable":true,"href":"https:\/\/www.livrariarema.com.br\/loja\/wp-json\/wp\/v2\/product_cat?post=263303"},{"taxonomy":"product_tag","embeddable":true,"href":"https:\/\/www.livrariarema.com.br\/loja\/wp-json\/wp\/v2\/product_tag?post=263303"}],"curies":[{"name":"wp","href":"https:\/\/api.w.org\/{rel}","templated":true}]}}