{"id":263305,"date":"2023-11-06T16:48:26","date_gmt":"2023-11-06T19:48:26","guid":{"rendered":"https:\/\/www.livrariarema.com.br\/loja\/produtos\/sem categoria\/cartilha-de-atividades-contornar\/"},"modified":"2025-03-05T16:15:18","modified_gmt":"2025-03-05T19:15:18","slug":"cartilha-de-atividades-contornar","status":"publish","type":"product","link":"https:\/\/www.livrariarema.com.br\/loja\/produtos\/livros\/infantil\/cartilha-de-atividades-contornar\/","title":{"rendered":"Cartilha De Atividades &#8211; Contornar"},"content":{"rendered":"<p>Os cadernos de atividades foram elaborados por especialistas da \u00e1rea de educa\u00e7\u00e3o para auxiliar na aprendizagem infantil. Este modelo possui 16 p\u00e1ginas com atividades para a pr\u00e1tica da coordena\u00e7\u00e3o motora, com exerc\u00edcios para contorno de desenhos com retas, curvas e muito mais!<\/p>\n","protected":false},"excerpt":{"rendered":"<p>Os cadernos de atividades foram elaborados por especialistas da \u00e1rea de educa\u00e7\u00e3o para auxiliar na aprendizagem infantil. Este modelo possui&hellip;<\/p>\n","protected":false},"featured_media":326548,"comment_status":"open","ping_status":"closed","template":"","meta":[],"product_cat":[144,134],"product_tag":[],"_links":{"self":[{"href":"https:\/\/www.livrariarema.com.br\/loja\/wp-json\/wp\/v2\/product\/263305"}],"collection":[{"href":"https:\/\/www.livrariarema.com.br\/loja\/wp-json\/wp\/v2\/product"}],"about":[{"href":"https:\/\/www.livrariarema.com.br\/loja\/wp-json\/wp\/v2\/types\/product"}],"replies":[{"embeddable":true,"href":"https:\/\/www.livrariarema.com.br\/loja\/wp-json\/wp\/v2\/comments?post=263305"}],"wp:featuredmedia":[{"embeddable":true,"href":"https:\/\/www.livrariarema.com.br\/loja\/wp-json\/wp\/v2\/media\/326548"}],"wp:attachment":[{"href":"https:\/\/www.livrariarema.com.br\/loja\/wp-json\/wp\/v2\/media?parent=263305"}],"wp:term":[{"taxonomy":"product_cat","embeddable":true,"href":"https:\/\/www.livrariarema.com.br\/loja\/wp-json\/wp\/v2\/product_cat?post=263305"},{"taxonomy":"product_tag","embeddable":true,"href":"https:\/\/www.livrariarema.com.br\/loja\/wp-json\/wp\/v2\/product_tag?post=263305"}],"curies":[{"name":"wp","href":"https:\/\/api.w.org\/{rel}","templated":true}]}}