{"id":263311,"date":"2023-11-06T16:48:43","date_gmt":"2023-11-06T19:48:43","guid":{"rendered":"https:\/\/www.livrariarema.com.br\/loja\/produtos\/sem categoria\/cartilha-de-atividades-formas-geometricas\/"},"modified":"2025-03-05T16:15:40","modified_gmt":"2025-03-05T19:15:40","slug":"cartilha-de-atividades-formas-geometricas","status":"publish","type":"product","link":"https:\/\/www.livrariarema.com.br\/loja\/produtos\/livros\/infantil\/cartilha-de-atividades-formas-geometricas\/","title":{"rendered":"Cartilha De Atividades &#8211; Formas Geom\u00e9tricas"},"content":{"rendered":"<p>A Cartilha de Atividades de Formas Geom\u00e9tricas Aprender, Brincar e Colorir possui exerc\u00edcios para estimular a coordena\u00e7\u00e3o motora, racioc\u00ednio l\u00f3gico, habilidades cognitivas e muita criatividade. O produto conta com 16 p\u00e1ginas e cartela adesiva que pode ser utilizada para motivar e divertir as crian\u00e7as.<\/p>\n","protected":false},"excerpt":{"rendered":"<p>A Cartilha de Atividades de Formas Geom\u00e9tricas Aprender, Brincar e Colorir possui exerc\u00edcios para estimular a coordena\u00e7\u00e3o motora, racioc\u00ednio l\u00f3gico,&hellip;<\/p>\n","protected":false},"featured_media":326551,"comment_status":"open","ping_status":"closed","template":"","meta":[],"product_cat":[144,134],"product_tag":[],"_links":{"self":[{"href":"https:\/\/www.livrariarema.com.br\/loja\/wp-json\/wp\/v2\/product\/263311"}],"collection":[{"href":"https:\/\/www.livrariarema.com.br\/loja\/wp-json\/wp\/v2\/product"}],"about":[{"href":"https:\/\/www.livrariarema.com.br\/loja\/wp-json\/wp\/v2\/types\/product"}],"replies":[{"embeddable":true,"href":"https:\/\/www.livrariarema.com.br\/loja\/wp-json\/wp\/v2\/comments?post=263311"}],"wp:featuredmedia":[{"embeddable":true,"href":"https:\/\/www.livrariarema.com.br\/loja\/wp-json\/wp\/v2\/media\/326551"}],"wp:attachment":[{"href":"https:\/\/www.livrariarema.com.br\/loja\/wp-json\/wp\/v2\/media?parent=263311"}],"wp:term":[{"taxonomy":"product_cat","embeddable":true,"href":"https:\/\/www.livrariarema.com.br\/loja\/wp-json\/wp\/v2\/product_cat?post=263311"},{"taxonomy":"product_tag","embeddable":true,"href":"https:\/\/www.livrariarema.com.br\/loja\/wp-json\/wp\/v2\/product_tag?post=263311"}],"curies":[{"name":"wp","href":"https:\/\/api.w.org\/{rel}","templated":true}]}}