{"id":263488,"date":"2023-11-07T10:02:51","date_gmt":"2023-11-07T13:02:51","guid":{"rendered":"https:\/\/www.livrariarema.com.br\/loja\/produtos\/sem%20categoria\/cartilha-de-atividades-maleta-diversao-com-a-natureza\/"},"modified":"2026-03-30T10:40:46","modified_gmt":"2026-03-30T13:40:46","slug":"cartilha-de-atividades-maleta-diversao-com-a-natureza","status":"publish","type":"product","link":"https:\/\/www.livrariarema.com.br\/loja\/produtos\/livros\/infantil\/cartilha-de-atividades-maleta-diversao-com-a-natureza\/","title":{"rendered":"Cartilha De Atividades &#8211; Maleta &#8211; Divers\u00e3o Com A Natureza"},"content":{"rendered":"<p>A maleta de atividades &#8220;Divers\u00e3o com a Natureza&#8221; tem como objetivo trabalhar a interatividade, oferecer consci\u00eancia ambiental, ensinar sustentabilidade por meio de brincadeiras e estimular o contato das crian\u00e7as com a natureza. O produto tem 8 folhas e cartela de adesivos interativa com as atividades.<\/p>\n","protected":false},"excerpt":{"rendered":"<p>A maleta de atividades &#8220;Divers\u00e3o com a Natureza&#8221; tem como objetivo trabalhar a interatividade, oferecer consci\u00eancia ambiental, ensinar sustentabilidade por&hellip;<\/p>\n","protected":false},"featured_media":326542,"comment_status":"open","ping_status":"closed","template":"","meta":[],"product_cat":[144,134],"product_tag":[],"_links":{"self":[{"href":"https:\/\/www.livrariarema.com.br\/loja\/wp-json\/wp\/v2\/product\/263488"}],"collection":[{"href":"https:\/\/www.livrariarema.com.br\/loja\/wp-json\/wp\/v2\/product"}],"about":[{"href":"https:\/\/www.livrariarema.com.br\/loja\/wp-json\/wp\/v2\/types\/product"}],"replies":[{"embeddable":true,"href":"https:\/\/www.livrariarema.com.br\/loja\/wp-json\/wp\/v2\/comments?post=263488"}],"wp:featuredmedia":[{"embeddable":true,"href":"https:\/\/www.livrariarema.com.br\/loja\/wp-json\/wp\/v2\/media\/326542"}],"wp:attachment":[{"href":"https:\/\/www.livrariarema.com.br\/loja\/wp-json\/wp\/v2\/media?parent=263488"}],"wp:term":[{"taxonomy":"product_cat","embeddable":true,"href":"https:\/\/www.livrariarema.com.br\/loja\/wp-json\/wp\/v2\/product_cat?post=263488"},{"taxonomy":"product_tag","embeddable":true,"href":"https:\/\/www.livrariarema.com.br\/loja\/wp-json\/wp\/v2\/product_tag?post=263488"}],"curies":[{"name":"wp","href":"https:\/\/api.w.org\/{rel}","templated":true}]}}