{"id":263546,"date":"2023-11-07T12:06:35","date_gmt":"2023-11-07T15:06:35","guid":{"rendered":"https:\/\/www.livrariarema.com.br\/loja\/produtos\/sem%20categoria\/biblia-de-recursos-para-o-ministerio-com-criancas-luxo-marrom\/"},"modified":"2026-03-20T10:27:43","modified_gmt":"2026-03-20T13:27:43","slug":"biblia-de-recursos-para-o-ministerio-com-criancas-luxo-marrom","status":"publish","type":"product","link":"https:\/\/www.livrariarema.com.br\/loja\/produtos\/biblias\/estudo\/biblia-de-recursos-para-o-ministerio-com-criancas-luxo-marrom\/","title":{"rendered":"B\u00edblia De Recursos Para O Minist\u00e9rio Com Crian\u00e7as &#8211; Luxo &#8211; Marrom"},"content":{"rendered":"<p>A MAIS COMPLETA E EFICIENTE FERRAMENTA DE AUX\u00cdLIO DE ENSINO PARA AS NOSSAS CRIAN\u00c7AS SOBRE TODO O AMOR DE JESUS PARA COM ELAS<\/p>\n<p>N\u00e3o podemos deixar o futuro das crian\u00e7as ao sabor dos sedutores caminhos que &#8220;o mundo&#8221; oferece. Existe algo maior e mais belo e eterno destinado a todas elas. Cabe a n\u00f3s, atrav\u00e9s das ferramentas, gui\u00e1-las. \u00c9 nossa responsabilidade!<\/p>\n<p>Pais, professores de Escola Dominical e l\u00edderes de Departamento Infantil encontrar\u00e3o na B\u00edblia de Recursos para o Minist\u00e9rio com Crian\u00e7as, elaborada em parceria com a APEC &#8211; Alian\u00e7a Pr\u00f3-Evangeliza\u00e7\u00e3o das Crian\u00e7as, um instrumento din\u00e2mico, criativo e eficaz para direcionar as crian\u00e7as a um profundo relacionamento com Deus.<\/p>\n<p>A B\u00edblia de Recursos para o Minist\u00e9rio com Crian\u00e7as oferece uma verdadeira biblioteca de recursos para o ensino religioso \u00e0s crian\u00e7as.<\/p>\n<p>Entre eles est\u00e3o: mais de uma centena de esbo\u00e7os de li\u00e7\u00f5es b\u00edblicas, \u00edndice por assunto, pesquisa visual da B\u00edblia, artigos para aperfei\u00e7oamento do professor, estudos simplificados para usar com as crian\u00e7as, concord\u00e2ncia b\u00edblica, aux\u00edlios de estudo, mapas, tabelas especiais e muito mais, reunidas em um \u00fanico volume. Elaborada em parceria com a APEC (Alian\u00e7a Pr\u00f3-Evangeliza\u00e7\u00e3o de Crian\u00e7as), utilizando a tradu\u00e7\u00e3o de Almeida, revista e atualizada, \u00e9 sem d\u00favida a mais completa e eficiente ferramenta de aux\u00edlio aos pais, educadores e l\u00edderes, que se disp\u00f5em a compartilhar a palavra de Deus \u00e0s crian\u00e7as, e a ensin\u00e1-las que Jesus tinha um amor especial por elas.<\/p>\n<p>Especialmente elaborada para pais, professores de Escola Dominical e l\u00edderes de Departamento Infantil.<\/p>\n<p>Nesta b\u00edblia voc\u00ea vai encontrar:<br \/>\n&#8211; ESBO\u00c7OS DE LI\u00c7\u00d5ES PARA O ANO TODO SEM REPETI\u00c7\u00d5ES<br \/>\n&#8211; RECURSOS DE ENSINO<br \/>\n&#8211; ARTIGOS PARA APERFEI\u00c7OAMENTO DO PROFESSOR<br \/>\n&#8211; ESTUDOS SIMPLIFICADOS PARA USAR COM AS CRIAN\u00c7AS<br \/>\n&#8211; AUX\u00cdLIOS DE ESTUDOS<br \/>\n&#8211; \u00cdNDICE POR ASSUNTO<br \/>\n&#8211; ANOTA\u00c7\u00d5ES E RODAP\u00c9S<br \/>\n&#8211; COMENT\u00c1RIOS<br \/>\n&#8211; PESQUISA VISUAL DA B\u00cdBLIA<br \/>\n&#8211; CONCORD\u00c2NCIA B\u00cdBLICA<br \/>\n&#8211; MAPAS ILUSTRATIVOS DE ACORDO COM AS HIST\u00d3RIAS<br \/>\n&#8211; TABELAS E DIAGRAMAS<\/p>\n","protected":false},"excerpt":{"rendered":"<p>A MAIS COMPLETA E EFICIENTE FERRAMENTA DE AUX\u00cdLIO DE ENSINO PARA AS NOSSAS CRIAN\u00c7AS SOBRE TODO O AMOR DE JESUS&hellip;<\/p>\n","protected":false},"featured_media":346375,"comment_status":"open","ping_status":"closed","template":"","meta":[],"product_cat":[139,140],"product_tag":[],"_links":{"self":[{"href":"https:\/\/www.livrariarema.com.br\/loja\/wp-json\/wp\/v2\/product\/263546"}],"collection":[{"href":"https:\/\/www.livrariarema.com.br\/loja\/wp-json\/wp\/v2\/product"}],"about":[{"href":"https:\/\/www.livrariarema.com.br\/loja\/wp-json\/wp\/v2\/types\/product"}],"replies":[{"embeddable":true,"href":"https:\/\/www.livrariarema.com.br\/loja\/wp-json\/wp\/v2\/comments?post=263546"}],"wp:featuredmedia":[{"embeddable":true,"href":"https:\/\/www.livrariarema.com.br\/loja\/wp-json\/wp\/v2\/media\/346375"}],"wp:attachment":[{"href":"https:\/\/www.livrariarema.com.br\/loja\/wp-json\/wp\/v2\/media?parent=263546"}],"wp:term":[{"taxonomy":"product_cat","embeddable":true,"href":"https:\/\/www.livrariarema.com.br\/loja\/wp-json\/wp\/v2\/product_cat?post=263546"},{"taxonomy":"product_tag","embeddable":true,"href":"https:\/\/www.livrariarema.com.br\/loja\/wp-json\/wp\/v2\/product_tag?post=263546"}],"curies":[{"name":"wp","href":"https:\/\/api.w.org\/{rel}","templated":true}]}}