{"id":263677,"date":"2023-11-07T16:10:09","date_gmt":"2023-11-07T19:10:09","guid":{"rendered":"https:\/\/www.livrariarema.com.br\/loja\/produtos\/sem%20categoria\/caderno-de-fe-i-belong-to-jesus\/"},"modified":"2025-08-06T09:30:53","modified_gmt":"2025-08-06T12:30:53","slug":"caderno-de-fe-i-belong-to-jesus","status":"publish","type":"product","link":"https:\/\/www.livrariarema.com.br\/loja\/produtos\/papelaria\/caderno\/caderno-de-fe-i-belong-to-jesus\/","title":{"rendered":"Caderno De F\u00e9 &#8211; I Belong To Jesus"},"content":{"rendered":"<p>Mem\u00f3rias, estudos, sonhos ou mesmo simples anota\u00e7\u00f5es. Transforme sua vida tracejando suas palavras nos contornos da Palavra da Deus. Escreva uma nova hist\u00f3ria, esteja onde estiver, sempre com os olhos no alto e de m\u00e3os dadas com seu mais novo amigo, o seu &#8220;Caderno de f\u00e9&#8221;.<\/p>\n<p>Caderno com 80 folhas pautadas e um vers\u00edculo ou frase de motiva\u00e7\u00e3o em todas as paginas!<\/p>\n<p>Formato: 20cm x 27cm<br \/>\nN\u00famero de folhas: 80 folhas (160 paginas)<br \/>\nCapa e contracapa: Dura com papel\u00e3o<br \/>\nMiolo pautado padr\u00e3o em papel offset 56g\/m\u00b2<br \/>\nMiolo com devocionais e frases motivacionais.<\/p>\n","protected":false},"excerpt":{"rendered":"<p>Mem\u00f3rias, estudos, sonhos ou mesmo simples anota\u00e7\u00f5es. Transforme sua vida tracejando suas palavras nos contornos da Palavra da Deus. Escreva&hellip;<\/p>\n","protected":false},"featured_media":277543,"comment_status":"open","ping_status":"closed","template":"","meta":[],"product_cat":[230,215],"product_tag":[],"_links":{"self":[{"href":"https:\/\/www.livrariarema.com.br\/loja\/wp-json\/wp\/v2\/product\/263677"}],"collection":[{"href":"https:\/\/www.livrariarema.com.br\/loja\/wp-json\/wp\/v2\/product"}],"about":[{"href":"https:\/\/www.livrariarema.com.br\/loja\/wp-json\/wp\/v2\/types\/product"}],"replies":[{"embeddable":true,"href":"https:\/\/www.livrariarema.com.br\/loja\/wp-json\/wp\/v2\/comments?post=263677"}],"wp:featuredmedia":[{"embeddable":true,"href":"https:\/\/www.livrariarema.com.br\/loja\/wp-json\/wp\/v2\/media\/277543"}],"wp:attachment":[{"href":"https:\/\/www.livrariarema.com.br\/loja\/wp-json\/wp\/v2\/media?parent=263677"}],"wp:term":[{"taxonomy":"product_cat","embeddable":true,"href":"https:\/\/www.livrariarema.com.br\/loja\/wp-json\/wp\/v2\/product_cat?post=263677"},{"taxonomy":"product_tag","embeddable":true,"href":"https:\/\/www.livrariarema.com.br\/loja\/wp-json\/wp\/v2\/product_tag?post=263677"}],"curies":[{"name":"wp","href":"https:\/\/api.w.org\/{rel}","templated":true}]}}