{"id":263763,"date":"2023-11-08T11:05:47","date_gmt":"2023-11-08T14:05:47","guid":{"rendered":"https:\/\/www.livrariarema.com.br\/loja\/produtos\/sem%20categoria\/adoracao-um-tesouro-a-ser-explorado-roger-willians\/"},"modified":"2026-03-21T13:01:42","modified_gmt":"2026-03-21T16:01:42","slug":"adoracao-um-tesouro-a-ser-explorado-roger-willians","status":"publish","type":"product","link":"https:\/\/www.livrariarema.com.br\/loja\/produtos\/livros\/adoracao\/adoracao-um-tesouro-a-ser-explorado-roger-willians\/","title":{"rendered":"Adora\u00e7\u00e3o &#8211; Um Tesouro A Ser Explorado &#8211; Roger Willians"},"content":{"rendered":"<p>Descubra a incompar\u00e1vel riqueza reservada para os que aprendem a ser verdadeiros adoradores. Este livro levar\u00e1 voc\u00ea a descobrir tesouros preciosos que uma vida de adora\u00e7\u00e3o proporciona: a presen\u00e7a de Deus conosco, o entendimento da sua vontade, o desejo de conhec\u00ea-lo mais, de servi-lo, de compartilhar seu amor com as pessoas.<\/p>\n","protected":false},"excerpt":{"rendered":"<p>Descubra a incompar\u00e1vel riqueza reservada para os que aprendem a ser verdadeiros adoradores. Este livro levar\u00e1 voc\u00ea a descobrir tesouros&hellip;<\/p>\n","protected":false},"featured_media":331300,"comment_status":"open","ping_status":"closed","template":"","meta":[],"product_cat":[200,134],"product_tag":[],"_links":{"self":[{"href":"https:\/\/www.livrariarema.com.br\/loja\/wp-json\/wp\/v2\/product\/263763"}],"collection":[{"href":"https:\/\/www.livrariarema.com.br\/loja\/wp-json\/wp\/v2\/product"}],"about":[{"href":"https:\/\/www.livrariarema.com.br\/loja\/wp-json\/wp\/v2\/types\/product"}],"replies":[{"embeddable":true,"href":"https:\/\/www.livrariarema.com.br\/loja\/wp-json\/wp\/v2\/comments?post=263763"}],"wp:featuredmedia":[{"embeddable":true,"href":"https:\/\/www.livrariarema.com.br\/loja\/wp-json\/wp\/v2\/media\/331300"}],"wp:attachment":[{"href":"https:\/\/www.livrariarema.com.br\/loja\/wp-json\/wp\/v2\/media?parent=263763"}],"wp:term":[{"taxonomy":"product_cat","embeddable":true,"href":"https:\/\/www.livrariarema.com.br\/loja\/wp-json\/wp\/v2\/product_cat?post=263763"},{"taxonomy":"product_tag","embeddable":true,"href":"https:\/\/www.livrariarema.com.br\/loja\/wp-json\/wp\/v2\/product_tag?post=263763"}],"curies":[{"name":"wp","href":"https:\/\/api.w.org\/{rel}","templated":true}]}}