{"id":263767,"date":"2023-11-08T11:05:59","date_gmt":"2023-11-08T14:05:59","guid":{"rendered":"https:\/\/www.livrariarema.com.br\/loja\/produtos\/sem%20categoria\/intercessor-o-norman-grubb-2\/"},"modified":"2025-11-26T12:03:20","modified_gmt":"2025-11-26T15:03:20","slug":"intercessor-o-norman-grubb-2","status":"publish","type":"product","link":"https:\/\/www.livrariarema.com.br\/loja\/produtos\/livros\/biografia\/intercessor-o-norman-grubb-2\/","title":{"rendered":"Intercessor, O &#8211; Norman Grubb"},"content":{"rendered":"<p>Nova edi\u00e7\u00e3o da cole\u00e7\u00e3o &#8220;Cl\u00e1ssicos Bet\u00e2nia&#8221;. Prepare-se para uma experi\u00eancia de leitura como nunca antes! Com um design moderno e uma nova diagrama\u00e7\u00e3o cuidadosamente elaborada, nossos livros agora est\u00e3o em um formato perfeito para suas m\u00e3os.<\/p>\n<p>Mas nossa busca pela excel\u00eancia n\u00e3o para por a\u00ed. Cada exemplar \u00e9 um tesouro em si, envolto em um acabamento premium que desperta os sentidos. A capa dura com revestimento &#8220;Soft Touch&#8221; n\u00e3o \u00e9 apenas um toque de luxo, mas tamb\u00e9m um convite para desvendar os tesouros da Palavra que aguardam dentro.<\/p>\n<p>E falando em tesouros, o papel P\u00f3len, escolhido com carinho, garante n\u00e3o apenas durabilidade, mas tamb\u00e9m uma experi\u00eancia de leitura que acaricia os olhos e faz a jornada pelas palavras ainda mais memor\u00e1vel.<\/p>\n<p>Mas a verdadeira ess\u00eancia da cole\u00e7\u00e3o &#8220;Cl\u00e1ssicos Bet\u00e2nia&#8221; reside nas p\u00e1ginas que abrigam hist\u00f3rias eternas. Cada obra selecionada \u00e9 um testemunho do poder das palavras para inspirar, ensinar e transformar. Da sabedoria dos cl\u00e1ssicos \u00e0 profundidade das narrativas, cada livro \u00e9 uma viagem que enriquecer\u00e1 sua vida e tocar\u00e1 seu cora\u00e7\u00e3o.<\/p>\n<p>Confie em n\u00f3s para proporcionar leituras edificantes e confi\u00e1veis. A cole\u00e7\u00e3o &#8220;Cl\u00e1ssicos Bet\u00e2nia&#8221; \u00e9 mais do que um conjunto de livros; \u00e9 um convite para explorar a vida e testemunho de pessoas que marcaram gera\u00e7\u00f5es e na\u00e7\u00f5es.<\/p>\n<p>Bem-vindo \u00e0 nova era da leitura. Bem-vindo aos &#8220;Cl\u00e1ssicos Bet\u00e2nia&#8221;. Abra as p\u00e1ginas e deixe sua jornada come\u00e7ar.<\/p>\n","protected":false},"excerpt":{"rendered":"<p>Nova edi\u00e7\u00e3o da cole\u00e7\u00e3o &#8220;Cl\u00e1ssicos Bet\u00e2nia&#8221;. Prepare-se para uma experi\u00eancia de leitura como nunca antes! Com um design moderno e&hellip;<\/p>\n","protected":false},"featured_media":341514,"comment_status":"open","ping_status":"closed","template":"","meta":[],"product_cat":[181,134],"product_tag":[],"_links":{"self":[{"href":"https:\/\/www.livrariarema.com.br\/loja\/wp-json\/wp\/v2\/product\/263767"}],"collection":[{"href":"https:\/\/www.livrariarema.com.br\/loja\/wp-json\/wp\/v2\/product"}],"about":[{"href":"https:\/\/www.livrariarema.com.br\/loja\/wp-json\/wp\/v2\/types\/product"}],"replies":[{"embeddable":true,"href":"https:\/\/www.livrariarema.com.br\/loja\/wp-json\/wp\/v2\/comments?post=263767"}],"wp:featuredmedia":[{"embeddable":true,"href":"https:\/\/www.livrariarema.com.br\/loja\/wp-json\/wp\/v2\/media\/341514"}],"wp:attachment":[{"href":"https:\/\/www.livrariarema.com.br\/loja\/wp-json\/wp\/v2\/media?parent=263767"}],"wp:term":[{"taxonomy":"product_cat","embeddable":true,"href":"https:\/\/www.livrariarema.com.br\/loja\/wp-json\/wp\/v2\/product_cat?post=263767"},{"taxonomy":"product_tag","embeddable":true,"href":"https:\/\/www.livrariarema.com.br\/loja\/wp-json\/wp\/v2\/product_tag?post=263767"}],"curies":[{"name":"wp","href":"https:\/\/api.w.org\/{rel}","templated":true}]}}