{"id":264739,"date":"2023-11-14T10:35:01","date_gmt":"2023-11-14T13:35:01","guid":{"rendered":"https:\/\/www.livrariarema.com.br\/loja\/produtos\/sem categoria\/caderno-devocional-meu-tempo-com-deus\/"},"modified":"2024-08-17T12:29:37","modified_gmt":"2024-08-17T15:29:37","slug":"caderno-devocional-meu-tempo-com-deus","status":"publish","type":"product","link":"https:\/\/www.livrariarema.com.br\/loja\/produtos\/livros\/infantil\/caderno-devocional-meu-tempo-com-deus\/","title":{"rendered":"Caderno Devocional &#8211; Meu Tempo Com Deus"},"content":{"rendered":"<p>Quando o h\u00e1bito do devocional \u00e9 constru\u00eddo desde a inf\u00e2ncia, a crian\u00e7a n\u00e3o se desenvolve apenas em estatura e intelig\u00eancia, mas, principalmente, no conhecimento de Deus. Por isso, o prop\u00f3sito desse livro \u00e9 ensinar sobre a palavra de Deus de forma l\u00fadica, divertida e com atividades interativas. \u00c9 um espa\u00e7o para registrar o relacionamento da crian\u00e7a com Jesus e um incentivo para a aproxima\u00e7\u00e3o cada vez maior do Criador. Essa experi\u00eancia \u00fanica ir\u00e1 evidenciar o valor da palavra de Deus para todos que a experimentarem!<\/p>\n","protected":false},"excerpt":{"rendered":"<p>Quando o h\u00e1bito do devocional \u00e9 constru\u00eddo desde a inf\u00e2ncia, a crian\u00e7a n\u00e3o se desenvolve apenas em estatura e intelig\u00eancia,&hellip;<\/p>\n","protected":false},"featured_media":311716,"comment_status":"open","ping_status":"closed","template":"","meta":[],"product_cat":[144,134],"product_tag":[],"_links":{"self":[{"href":"https:\/\/www.livrariarema.com.br\/loja\/wp-json\/wp\/v2\/product\/264739"}],"collection":[{"href":"https:\/\/www.livrariarema.com.br\/loja\/wp-json\/wp\/v2\/product"}],"about":[{"href":"https:\/\/www.livrariarema.com.br\/loja\/wp-json\/wp\/v2\/types\/product"}],"replies":[{"embeddable":true,"href":"https:\/\/www.livrariarema.com.br\/loja\/wp-json\/wp\/v2\/comments?post=264739"}],"wp:featuredmedia":[{"embeddable":true,"href":"https:\/\/www.livrariarema.com.br\/loja\/wp-json\/wp\/v2\/media\/311716"}],"wp:attachment":[{"href":"https:\/\/www.livrariarema.com.br\/loja\/wp-json\/wp\/v2\/media?parent=264739"}],"wp:term":[{"taxonomy":"product_cat","embeddable":true,"href":"https:\/\/www.livrariarema.com.br\/loja\/wp-json\/wp\/v2\/product_cat?post=264739"},{"taxonomy":"product_tag","embeddable":true,"href":"https:\/\/www.livrariarema.com.br\/loja\/wp-json\/wp\/v2\/product_tag?post=264739"}],"curies":[{"name":"wp","href":"https:\/\/api.w.org\/{rel}","templated":true}]}}