{"id":266442,"date":"2023-11-24T11:10:00","date_gmt":"2023-11-24T14:10:00","guid":{"rendered":"https:\/\/www.livrariarema.com.br\/loja\/produtos\/sem categoria\/liberdade-religiosa-michael-f-bird\/"},"modified":"2026-02-24T17:25:23","modified_gmt":"2026-02-24T20:25:23","slug":"liberdade-religiosa-michael-f-bird","status":"publish","type":"product","link":"https:\/\/www.livrariarema.com.br\/loja\/produtos\/promocao\/livros-promocao\/liberdade-religiosa-michael-f-bird\/","title":{"rendered":"Liberdade Religiosa &#8211; Michael F. Bird"},"content":{"rendered":"<p>Descubra como defender, com responsabilidade, a liberdade religiosa para todos sem comprometer suas cren\u00e7as pessoais.<\/p>\n<p>A liberdade religiosa \u00e9, infelizmente, uma quest\u00e3o cada vez mais contestada nas esferas pol\u00edtica, p\u00fablica e on-line. Toda a discuss\u00e3o em torno desse tema \u00e9 sempre acalorada, e nenhum dos extremos do espectro pol\u00edtico global est\u00e1 de fato interessado em proteg\u00ea-la. Enquanto a esquerda \u00e9 abertamente hostil \u00e0 religi\u00e3o tradicional, a direita procura transform\u00e1-la em arma.<br \/>\nComo podemos garantir que a liberdade religiosa seja de fato aplicada a toda forma de religi\u00e3o, em vez de servir a agendas pol\u00edticas ou nacionalistas? O fato \u00e9 que a religi\u00e3o tem muito a contribuir para o bem comum. Liberdade religiosa desafiar\u00e1 os leitores de todas as origens e cren\u00e7as a n\u00e3o apenas abrir espa\u00e7o para diferen\u00e7as pac\u00edficas, mas tamb\u00e9m a encontrar um ponto em comum nos valores da justi\u00e7a, miseric\u00f3rdia e igualdade.<br \/>\nCom sua perspic\u00e1cia habitual, Michael Bird mostra que liberdade religiosa \u00e9 importante n\u00e3o apenas para os crist\u00e3os, mas tamb\u00e9m para o mercado de ideias que contribuiu para aprofundar a f\u00e9 e, ao mesmo tempo, abriu espa\u00e7o para uma diverg\u00eancia pac\u00edfica.<\/p>\n","protected":false},"excerpt":{"rendered":"<p>Descubra como defender, com responsabilidade, a liberdade religiosa para todos sem comprometer suas cren\u00e7as pessoais. A liberdade religiosa \u00e9, infelizmente,&hellip;<\/p>\n","protected":false},"featured_media":345416,"comment_status":"open","ping_status":"closed","template":"","meta":[],"product_cat":[143,142],"product_tag":[],"_links":{"self":[{"href":"https:\/\/www.livrariarema.com.br\/loja\/wp-json\/wp\/v2\/product\/266442"}],"collection":[{"href":"https:\/\/www.livrariarema.com.br\/loja\/wp-json\/wp\/v2\/product"}],"about":[{"href":"https:\/\/www.livrariarema.com.br\/loja\/wp-json\/wp\/v2\/types\/product"}],"replies":[{"embeddable":true,"href":"https:\/\/www.livrariarema.com.br\/loja\/wp-json\/wp\/v2\/comments?post=266442"}],"wp:featuredmedia":[{"embeddable":true,"href":"https:\/\/www.livrariarema.com.br\/loja\/wp-json\/wp\/v2\/media\/345416"}],"wp:attachment":[{"href":"https:\/\/www.livrariarema.com.br\/loja\/wp-json\/wp\/v2\/media?parent=266442"}],"wp:term":[{"taxonomy":"product_cat","embeddable":true,"href":"https:\/\/www.livrariarema.com.br\/loja\/wp-json\/wp\/v2\/product_cat?post=266442"},{"taxonomy":"product_tag","embeddable":true,"href":"https:\/\/www.livrariarema.com.br\/loja\/wp-json\/wp\/v2\/product_tag?post=266442"}],"curies":[{"name":"wp","href":"https:\/\/api.w.org\/{rel}","templated":true}]}}