{"id":266495,"date":"2023-11-24T14:34:23","date_gmt":"2023-11-24T17:34:23","guid":{"rendered":"https:\/\/www.livrariarema.com.br\/loja\/produtos\/sem categoria\/biblia-nvi-slim-couro-soft-preta\/"},"modified":"2026-02-04T11:01:16","modified_gmt":"2026-02-04T14:01:16","slug":"biblia-nvi-slim-couro-soft-preta","status":"publish","type":"product","link":"https:\/\/www.livrariarema.com.br\/loja\/produtos\/biblias\/nvi\/biblia-nvi-slim-couro-soft-preta\/","title":{"rendered":"B\u00edblia &#8211; Nvi &#8211; Slim &#8211; Couro Soft &#8211; Preta"},"content":{"rendered":"<p>A B\u00edblia Sagrada, Slim, NVI, Luxo, Courosoft combina os benef\u00edcios de uma b\u00edblia compacta com a qualidade Thomas Nelson Brasil. Ela oferece uma leitura confort\u00e1vel, facilidade no manuseio, toque macio na capa e acabamento luxo.<\/p>\n<p>Caracter\u00edsticas:<br \/>\nTexto na tradu\u00e7\u00e3o NVI (Nova Vers\u00e3o Internacional)<br \/>\nCapa em Courosoft (PU)<br \/>\nTrilateral dourada<br \/>\nAplica\u00e7\u00e3o de hotstamp<br \/>\nFitilho colorido<\/p>\n","protected":false},"excerpt":{"rendered":"<p>A B\u00edblia Sagrada, Slim, NVI, Luxo, Courosoft combina os benef\u00edcios de uma b\u00edblia compacta com a qualidade Thomas Nelson Brasil.&hellip;<\/p>\n","protected":false},"featured_media":343353,"comment_status":"open","ping_status":"closed","template":"","meta":[],"product_cat":[139,166],"product_tag":[],"_links":{"self":[{"href":"https:\/\/www.livrariarema.com.br\/loja\/wp-json\/wp\/v2\/product\/266495"}],"collection":[{"href":"https:\/\/www.livrariarema.com.br\/loja\/wp-json\/wp\/v2\/product"}],"about":[{"href":"https:\/\/www.livrariarema.com.br\/loja\/wp-json\/wp\/v2\/types\/product"}],"replies":[{"embeddable":true,"href":"https:\/\/www.livrariarema.com.br\/loja\/wp-json\/wp\/v2\/comments?post=266495"}],"wp:featuredmedia":[{"embeddable":true,"href":"https:\/\/www.livrariarema.com.br\/loja\/wp-json\/wp\/v2\/media\/343353"}],"wp:attachment":[{"href":"https:\/\/www.livrariarema.com.br\/loja\/wp-json\/wp\/v2\/media?parent=266495"}],"wp:term":[{"taxonomy":"product_cat","embeddable":true,"href":"https:\/\/www.livrariarema.com.br\/loja\/wp-json\/wp\/v2\/product_cat?post=266495"},{"taxonomy":"product_tag","embeddable":true,"href":"https:\/\/www.livrariarema.com.br\/loja\/wp-json\/wp\/v2\/product_tag?post=266495"}],"curies":[{"name":"wp","href":"https:\/\/api.w.org\/{rel}","templated":true}]}}