{"id":266502,"date":"2023-11-24T14:34:52","date_gmt":"2023-11-24T17:34:52","guid":{"rendered":"https:\/\/www.livrariarema.com.br\/loja\/produtos\/sem%20categoria\/colecao-teologia-para-todos-rodrigo-bibo-viktorya-zalewski-pedro-pamplona\/"},"modified":"2026-02-24T13:51:32","modified_gmt":"2026-02-24T16:51:32","slug":"colecao-teologia-para-todos-rodrigo-bibo-viktorya-zalewski-pedro-pamplona","status":"publish","type":"product","link":"https:\/\/www.livrariarema.com.br\/loja\/produtos\/livros\/teologia\/colecao-teologia-para-todos-rodrigo-bibo-viktorya-zalewski-pedro-pamplona\/","title":{"rendered":"Cole\u00e7\u00e3o Teologia Para Todos &#8211; Kit 1 &#8211; Rodrigo Bibo, Viktorya Zalewski, Pedro Pamplona"},"content":{"rendered":"<p>N\u00e3o muito tempo atr\u00e1s, era comum pensar que a teologia era coisa de estudiosos, de gente que tem tempo de ler livros gigantescos, de crist\u00e3os que gostam de intelectualizar tudo (e que, por isso, s\u00e3o frios e nada fervorosos). Isso n\u00e3o poderia estar maiserrado!<\/p>\n<p>A Cole\u00e7\u00e3o Teologia para todos prova que a teologia n\u00e3o apenas \u00e9 acess\u00edvel a todo crist\u00e3o, mas que estudar e aprender mais sobre Deus \u00e9 parte necess\u00e1ria de uma vida saud\u00e1vel e madura. Afinal, como crescer na f\u00e9 se continuarmos a ser crian\u00e7as espirituais?<\/p>\n<p>Com a curadoria de Rodrigo Bibo, criador do Bibotalk e autor do best-seller O Deus que destr\u00f3i sonhos, esta cole\u00e7\u00e3o responde perguntas essenciais para a vida da igreja. Este kit cont\u00e9m os seguintes livros:<br \/>\nTeologia esfria o crente?, em que Rodrigo Bibo desfaz preconceitos sem fundamentos e defende o estudo das Escrituras como essencial para uma vida fervorosa;<br \/>\nMulher pode ser pastora?, em que Vik Zalewski Baracy faz uma defesa b\u00edblica e equilibrada do pastorado feminino;<br \/>\nComo Deus \u00e9 um e tr\u00eas ao mesmo tempo?, em que Pedro Pamplona discute o mist\u00e9rio &#8211; e as maravilhas &#8211; da doutrina da trindade.<\/p>\n","protected":false},"excerpt":{"rendered":"<p>N\u00e3o muito tempo atr\u00e1s, era comum pensar que a teologia era coisa de estudiosos, de gente que tem tempo de&hellip;<\/p>\n","protected":false},"featured_media":345369,"comment_status":"open","ping_status":"closed","template":"","meta":[],"product_cat":[134,136],"product_tag":[],"_links":{"self":[{"href":"https:\/\/www.livrariarema.com.br\/loja\/wp-json\/wp\/v2\/product\/266502"}],"collection":[{"href":"https:\/\/www.livrariarema.com.br\/loja\/wp-json\/wp\/v2\/product"}],"about":[{"href":"https:\/\/www.livrariarema.com.br\/loja\/wp-json\/wp\/v2\/types\/product"}],"replies":[{"embeddable":true,"href":"https:\/\/www.livrariarema.com.br\/loja\/wp-json\/wp\/v2\/comments?post=266502"}],"wp:featuredmedia":[{"embeddable":true,"href":"https:\/\/www.livrariarema.com.br\/loja\/wp-json\/wp\/v2\/media\/345369"}],"wp:attachment":[{"href":"https:\/\/www.livrariarema.com.br\/loja\/wp-json\/wp\/v2\/media?parent=266502"}],"wp:term":[{"taxonomy":"product_cat","embeddable":true,"href":"https:\/\/www.livrariarema.com.br\/loja\/wp-json\/wp\/v2\/product_cat?post=266502"},{"taxonomy":"product_tag","embeddable":true,"href":"https:\/\/www.livrariarema.com.br\/loja\/wp-json\/wp\/v2\/product_tag?post=266502"}],"curies":[{"name":"wp","href":"https:\/\/api.w.org\/{rel}","templated":true}]}}