{"id":266539,"date":"2023-11-24T14:38:02","date_gmt":"2023-11-24T17:38:02","guid":{"rendered":"https:\/\/www.livrariarema.com.br\/loja\/produtos\/sem categoria\/bases-da-fe-crista-wayne-grudem\/"},"modified":"2026-02-25T16:17:12","modified_gmt":"2026-02-25T19:17:12","slug":"bases-da-fe-crista-wayne-grudem","status":"publish","type":"product","link":"https:\/\/www.livrariarema.com.br\/loja\/produtos\/livros\/fe\/bases-da-fe-crista-wayne-grudem\/","title":{"rendered":"Bases Da F\u00e9 Crist\u00e3 &#8211; Wayne Grudem"},"content":{"rendered":"<p>Para permanecer firme na f\u00e9 e desenvolver uma base s\u00f3lida para a vida com Deus, \u00e9 preciso conhecer os princ\u00edpios que regem a vida crist\u00e3 e entender porque eles se mostram t\u00e3o essenciais. \u00c9 com esse prop\u00f3sito que Wayne A. Grudem nos convida a refletir sobre os principais fundamentos da f\u00e9 crist\u00e3, afim de trazer aux\u00edlio e respostas tanto para novos convertidos como para os mais maduros na caminhada.<\/p>\n<p>Com vigoroso foco na B\u00edblia e quest\u00f5es para serem respondidas individualmente ou em grupo, o autor alia rigor teol\u00f3gico e aplica\u00e7\u00e3o pr\u00e1tica em uma an\u00e1lise primorosa de vinte conceitos complexos, tais como trindade, pecado, elei\u00e7\u00e3o, justifica\u00e7\u00e3o, expia\u00e7\u00e3o, santifica\u00e7\u00e3o e ju\u00edzo final. Neste livro, uma vers\u00e3o condensada do best-seller Teologia Sistem\u00e1tica de Grudem, voc\u00ea aprender\u00e1 mais sobre a B\u00edblia, as caracter\u00edsticas de Deus e o que significa ser criado \u00e0 sua imagem e semelhan\u00e7a, o prop\u00f3sito da Igreja e muito mais, adquirindo, assim, as bases necess\u00e1rias para fortalecer seu relacionamento com Deus.<\/p>\n","protected":false},"excerpt":{"rendered":"<p>Para permanecer firme na f\u00e9 e desenvolver uma base s\u00f3lida para a vida com Deus, \u00e9 preciso conhecer os princ\u00edpios&hellip;<\/p>\n","protected":false},"featured_media":345466,"comment_status":"open","ping_status":"closed","template":"","meta":[],"product_cat":[187,134],"product_tag":[],"_links":{"self":[{"href":"https:\/\/www.livrariarema.com.br\/loja\/wp-json\/wp\/v2\/product\/266539"}],"collection":[{"href":"https:\/\/www.livrariarema.com.br\/loja\/wp-json\/wp\/v2\/product"}],"about":[{"href":"https:\/\/www.livrariarema.com.br\/loja\/wp-json\/wp\/v2\/types\/product"}],"replies":[{"embeddable":true,"href":"https:\/\/www.livrariarema.com.br\/loja\/wp-json\/wp\/v2\/comments?post=266539"}],"wp:featuredmedia":[{"embeddable":true,"href":"https:\/\/www.livrariarema.com.br\/loja\/wp-json\/wp\/v2\/media\/345466"}],"wp:attachment":[{"href":"https:\/\/www.livrariarema.com.br\/loja\/wp-json\/wp\/v2\/media?parent=266539"}],"wp:term":[{"taxonomy":"product_cat","embeddable":true,"href":"https:\/\/www.livrariarema.com.br\/loja\/wp-json\/wp\/v2\/product_cat?post=266539"},{"taxonomy":"product_tag","embeddable":true,"href":"https:\/\/www.livrariarema.com.br\/loja\/wp-json\/wp\/v2\/product_tag?post=266539"}],"curies":[{"name":"wp","href":"https:\/\/api.w.org\/{rel}","templated":true}]}}