{"id":266552,"date":"2023-11-24T14:39:03","date_gmt":"2023-11-24T17:39:03","guid":{"rendered":"https:\/\/www.livrariarema.com.br\/loja\/produtos\/sem categoria\/deus-todos-os-dias-max-lucado\/"},"modified":"2026-02-24T17:29:36","modified_gmt":"2026-02-24T20:29:36","slug":"deus-todos-os-dias-max-lucado","status":"publish","type":"product","link":"https:\/\/www.livrariarema.com.br\/loja\/produtos\/livros\/devocional\/deus-todos-os-dias-max-lucado\/","title":{"rendered":"Deus Todos Os Dias &#8211; Max Lucado"},"content":{"rendered":"<p>INSPIRA\u00c7\u00c3O PARA O ANO INTEIRODeus n\u00e3o precisa de bilhetes para nos lembrar diariamente de seu amor.Um sopro di\u00e1rio de f\u00e9 \u00e9, muitas vezes, tudo de que precisamos para enfrentar as mazelas da vida. Deus todos os dias oferece inspira\u00e7\u00e3o para tornar os dias mais proveitosos e cheios de significado, sejam quais forem as circunst\u00e2ncias. Este devocional inicia cada semana do ano com um vers\u00edculo b\u00edblico e uma ora\u00e7\u00e3o, e nos demais dias apresenta mensagens de gra\u00e7a e conforto escritas por Max Lucado.Ali\u00e1s, poucos conseguem transmitir esse tipo de inspira\u00e7\u00e3o com tanta habilidade e cor como Lucado, autor de devocionais de sucesso como A gra\u00e7a bate \u00e0 sua porta, B\u00ean\u00e7\u00e3o di\u00e1ria e Deus vai cuidar de voc\u00ea. Com livros traduzidos para dezenas de idiomas, \u00e9 considerado o autor crist\u00e3o de maior sucesso na \u00e1rea de motiva\u00e7\u00e3o e espiritualidade.<\/p>\n","protected":false},"excerpt":{"rendered":"<p>INSPIRA\u00c7\u00c3O PARA O ANO INTEIRODeus n\u00e3o precisa de bilhetes para nos lembrar diariamente de seu amor.Um sopro di\u00e1rio de f\u00e9&hellip;<\/p>\n","protected":false},"featured_media":345422,"comment_status":"open","ping_status":"closed","template":"","meta":[],"product_cat":[158,134],"product_tag":[],"_links":{"self":[{"href":"https:\/\/www.livrariarema.com.br\/loja\/wp-json\/wp\/v2\/product\/266552"}],"collection":[{"href":"https:\/\/www.livrariarema.com.br\/loja\/wp-json\/wp\/v2\/product"}],"about":[{"href":"https:\/\/www.livrariarema.com.br\/loja\/wp-json\/wp\/v2\/types\/product"}],"replies":[{"embeddable":true,"href":"https:\/\/www.livrariarema.com.br\/loja\/wp-json\/wp\/v2\/comments?post=266552"}],"wp:featuredmedia":[{"embeddable":true,"href":"https:\/\/www.livrariarema.com.br\/loja\/wp-json\/wp\/v2\/media\/345422"}],"wp:attachment":[{"href":"https:\/\/www.livrariarema.com.br\/loja\/wp-json\/wp\/v2\/media?parent=266552"}],"wp:term":[{"taxonomy":"product_cat","embeddable":true,"href":"https:\/\/www.livrariarema.com.br\/loja\/wp-json\/wp\/v2\/product_cat?post=266552"},{"taxonomy":"product_tag","embeddable":true,"href":"https:\/\/www.livrariarema.com.br\/loja\/wp-json\/wp\/v2\/product_tag?post=266552"}],"curies":[{"name":"wp","href":"https:\/\/api.w.org\/{rel}","templated":true}]}}