{"id":266593,"date":"2023-11-24T15:46:25","date_gmt":"2023-11-24T18:46:25","guid":{"rendered":"https:\/\/www.livrariarema.com.br\/loja\/produtos\/sem categoria\/caneca-plastica-inox-450ml-que-seja-infinito\/"},"modified":"2025-06-06T15:01:01","modified_gmt":"2025-06-06T18:01:01","slug":"caneca-plastica-inox-450ml-que-seja-infinito","status":"publish","type":"product","link":"https:\/\/www.livrariarema.com.br\/loja\/produtos\/diversos\/caneca\/caneca-plastica-inox-450ml-que-seja-infinito\/","title":{"rendered":"Caneca Pl\u00e1stica Inox &#8211; 450Ml &#8211; Que Seja Infinito"},"content":{"rendered":"<p>A Caneca Pl\u00e1stica Inox \u00e9 ideal para presentear aquela pessoa espacial, e n\u00e3o duvida disso.<\/p>\n<p>Fabricada em pl\u00e1stico de alta qualidade, com um revestimento em a\u00e7o inox livre de BPA, esta caneca oferece durabilidade e resist\u00eancia durante todo o seu uso. Sua camada dupla de material e a tampa com veda\u00e7\u00e3o em silicone permitem que voc\u00ea mantenha a temperatura da sua bebida favorita por mais tempo, para que possa aproveit\u00e1-la aconchegante mente e com muito estilo.<\/p>\n<p>Esta Caneca Pl\u00e1stica Inox n\u00e3o \u00e9 apenas uma caneca, \u00e9 um lembrete di\u00e1rio que \u00e9 um presente especial para aquela pessoa que brilha com sua for\u00e7a interior.<\/p>\n","protected":false},"excerpt":{"rendered":"<p>A Caneca Pl\u00e1stica Inox \u00e9 ideal para presentear aquela pessoa espacial, e n\u00e3o duvida disso. Fabricada em pl\u00e1stico de alta&hellip;<\/p>\n","protected":false},"featured_media":325083,"comment_status":"open","ping_status":"closed","template":"","meta":[],"product_cat":[235,132],"product_tag":[],"_links":{"self":[{"href":"https:\/\/www.livrariarema.com.br\/loja\/wp-json\/wp\/v2\/product\/266593"}],"collection":[{"href":"https:\/\/www.livrariarema.com.br\/loja\/wp-json\/wp\/v2\/product"}],"about":[{"href":"https:\/\/www.livrariarema.com.br\/loja\/wp-json\/wp\/v2\/types\/product"}],"replies":[{"embeddable":true,"href":"https:\/\/www.livrariarema.com.br\/loja\/wp-json\/wp\/v2\/comments?post=266593"}],"wp:featuredmedia":[{"embeddable":true,"href":"https:\/\/www.livrariarema.com.br\/loja\/wp-json\/wp\/v2\/media\/325083"}],"wp:attachment":[{"href":"https:\/\/www.livrariarema.com.br\/loja\/wp-json\/wp\/v2\/media?parent=266593"}],"wp:term":[{"taxonomy":"product_cat","embeddable":true,"href":"https:\/\/www.livrariarema.com.br\/loja\/wp-json\/wp\/v2\/product_cat?post=266593"},{"taxonomy":"product_tag","embeddable":true,"href":"https:\/\/www.livrariarema.com.br\/loja\/wp-json\/wp\/v2\/product_tag?post=266593"}],"curies":[{"name":"wp","href":"https:\/\/api.w.org\/{rel}","templated":true}]}}