{"id":266746,"date":"2023-11-25T10:07:10","date_gmt":"2023-11-25T13:07:10","guid":{"rendered":"https:\/\/www.livrariarema.com.br\/loja\/produtos\/sem categoria\/caneca-de-porcelana-premium-260ml-aproveite-seu-dia\/"},"modified":"2026-04-28T09:24:36","modified_gmt":"2026-04-28T12:24:36","slug":"caneca-de-porcelana-premium-260ml-aproveite-seu-dia","status":"publish","type":"product","link":"https:\/\/www.livrariarema.com.br\/loja\/produtos\/diversos\/caneca\/caneca-de-porcelana-premium-260ml-aproveite-seu-dia\/","title":{"rendered":"Caneca De Porcelana &#8211; Premium 260Ml &#8211; Aproveite Seu Dia"},"content":{"rendered":"<p>A Caneca de Porcelana Premium Infantil \u00e9 perfeita para tornar as refei\u00e7\u00f5es e os momentos de divers\u00e3o das crian\u00e7as ainda mais especiais. Feita com material de alta qualidade, esta caneca foi projetada com as necessidades das crian\u00e7as em mente.<br \/>\nAdicionar essa caneca \u00e0 cole\u00e7\u00e3o da crian\u00e7ada \u00e9 uma maneira maravilhosa de trazer alegria e praticidade aos momentos cotidianos, tornando a hora das refei\u00e7\u00f5es e a hidrata\u00e7\u00e3o ainda mais divertidas e agrad\u00e1veis.<\/p>\n","protected":false},"excerpt":{"rendered":"<p>A Caneca de Porcelana Premium Infantil \u00e9 perfeita para tornar as refei\u00e7\u00f5es e os momentos de divers\u00e3o das crian\u00e7as ainda&hellip;<\/p>\n","protected":false},"featured_media":347319,"comment_status":"open","ping_status":"closed","template":"","meta":[],"product_cat":[235,132],"product_tag":[],"_links":{"self":[{"href":"https:\/\/www.livrariarema.com.br\/loja\/wp-json\/wp\/v2\/product\/266746"}],"collection":[{"href":"https:\/\/www.livrariarema.com.br\/loja\/wp-json\/wp\/v2\/product"}],"about":[{"href":"https:\/\/www.livrariarema.com.br\/loja\/wp-json\/wp\/v2\/types\/product"}],"replies":[{"embeddable":true,"href":"https:\/\/www.livrariarema.com.br\/loja\/wp-json\/wp\/v2\/comments?post=266746"}],"wp:featuredmedia":[{"embeddable":true,"href":"https:\/\/www.livrariarema.com.br\/loja\/wp-json\/wp\/v2\/media\/347319"}],"wp:attachment":[{"href":"https:\/\/www.livrariarema.com.br\/loja\/wp-json\/wp\/v2\/media?parent=266746"}],"wp:term":[{"taxonomy":"product_cat","embeddable":true,"href":"https:\/\/www.livrariarema.com.br\/loja\/wp-json\/wp\/v2\/product_cat?post=266746"},{"taxonomy":"product_tag","embeddable":true,"href":"https:\/\/www.livrariarema.com.br\/loja\/wp-json\/wp\/v2\/product_tag?post=266746"}],"curies":[{"name":"wp","href":"https:\/\/api.w.org\/{rel}","templated":true}]}}