{"id":266975,"date":"2023-11-25T15:55:53","date_gmt":"2023-11-25T18:55:53","guid":{"rendered":"https:\/\/www.livrariarema.com.br\/loja\/produtos\/sem categoria\/copo-plastico-com-canudo-temas-smilinguido-tudo-com-amor\/"},"modified":"2024-01-17T16:15:11","modified_gmt":"2024-01-17T19:15:11","slug":"copo-plastico-com-canudo-temas-smilinguido-tudo-com-amor","status":"publish","type":"product","link":"https:\/\/www.livrariarema.com.br\/loja\/produtos\/diversos\/copo-squeeze\/copo-plastico-com-canudo-temas-smilinguido-tudo-com-amor\/","title":{"rendered":"Copo Pl\u00e1stico Com Canudo Temas &#8211; Smilinguido &#8211; Tudo Com Amor"},"content":{"rendered":"<p>O COPO PL\u00c1STICO COM CANUDO \u00e9 ideal para tomar seu suco ou refrigerante com seguran\u00e7a e praticidade.<\/p>\n<p>Ecologicamente correto, podendo ser reutilizado, dispensando assim, o uso de descart\u00e1veis no meio ambiente e livre de bisfenol (BPA).<\/p>\n","protected":false},"excerpt":{"rendered":"<p>O COPO PL\u00c1STICO COM CANUDO \u00e9 ideal para tomar seu suco ou refrigerante com seguran\u00e7a e praticidade. Ecologicamente correto, podendo&hellip;<\/p>\n","protected":false},"featured_media":278647,"comment_status":"open","ping_status":"closed","template":"","meta":[],"product_cat":[234,132],"product_tag":[],"_links":{"self":[{"href":"https:\/\/www.livrariarema.com.br\/loja\/wp-json\/wp\/v2\/product\/266975"}],"collection":[{"href":"https:\/\/www.livrariarema.com.br\/loja\/wp-json\/wp\/v2\/product"}],"about":[{"href":"https:\/\/www.livrariarema.com.br\/loja\/wp-json\/wp\/v2\/types\/product"}],"replies":[{"embeddable":true,"href":"https:\/\/www.livrariarema.com.br\/loja\/wp-json\/wp\/v2\/comments?post=266975"}],"wp:featuredmedia":[{"embeddable":true,"href":"https:\/\/www.livrariarema.com.br\/loja\/wp-json\/wp\/v2\/media\/278647"}],"wp:attachment":[{"href":"https:\/\/www.livrariarema.com.br\/loja\/wp-json\/wp\/v2\/media?parent=266975"}],"wp:term":[{"taxonomy":"product_cat","embeddable":true,"href":"https:\/\/www.livrariarema.com.br\/loja\/wp-json\/wp\/v2\/product_cat?post=266975"},{"taxonomy":"product_tag","embeddable":true,"href":"https:\/\/www.livrariarema.com.br\/loja\/wp-json\/wp\/v2\/product_tag?post=266975"}],"curies":[{"name":"wp","href":"https:\/\/api.w.org\/{rel}","templated":true}]}}