{"id":266979,"date":"2023-11-25T15:56:03","date_gmt":"2023-11-25T18:56:03","guid":{"rendered":"https:\/\/www.livrariarema.com.br\/loja\/produtos\/sem categoria\/caneca-de-porcelana-urban-300ml-vovo-o-melhor\/"},"modified":"2026-04-28T09:23:51","modified_gmt":"2026-04-28T12:23:51","slug":"caneca-de-porcelana-urban-300ml-vovo-o-melhor","status":"publish","type":"product","link":"https:\/\/www.livrariarema.com.br\/loja\/produtos\/diversos\/caneca\/caneca-de-porcelana-urban-300ml-vovo-o-melhor\/","title":{"rendered":"Caneca De Porcelana &#8211; Urban 300Ml &#8211; Vov\u00f4 O Melhor"},"content":{"rendered":"<p>A CANECA PORCELANA URBAN 300ML &#8211; VOV\u00d4 O MELHOR \u00e9 perfeita para presentear seu vov\u00f4 querido e que com certeza vai amar desfrutar de seu caf\u00e9 quentinho nessa caneca cheia de amor e carinho.<\/p>\n<p>A CANECA URBAN \u00e9 fabricada em porcelana de alta qualidade que garante maior durabilidade durante seu uso. \u00c9 um item essencial no seu caf\u00e9 da manh\u00e3, al\u00e9m disso voc\u00ea pode us\u00e1-la como porta treco, porta l\u00e1pis ou presentear algu\u00e9m especial.<\/p>\n","protected":false},"excerpt":{"rendered":"<p>A CANECA PORCELANA URBAN 300ML &#8211; VOV\u00d4 O MELHOR \u00e9 perfeita para presentear seu vov\u00f4 querido e que com certeza&hellip;<\/p>\n","protected":false},"featured_media":347314,"comment_status":"open","ping_status":"closed","template":"","meta":[],"product_cat":[235,132],"product_tag":[],"_links":{"self":[{"href":"https:\/\/www.livrariarema.com.br\/loja\/wp-json\/wp\/v2\/product\/266979"}],"collection":[{"href":"https:\/\/www.livrariarema.com.br\/loja\/wp-json\/wp\/v2\/product"}],"about":[{"href":"https:\/\/www.livrariarema.com.br\/loja\/wp-json\/wp\/v2\/types\/product"}],"replies":[{"embeddable":true,"href":"https:\/\/www.livrariarema.com.br\/loja\/wp-json\/wp\/v2\/comments?post=266979"}],"wp:featuredmedia":[{"embeddable":true,"href":"https:\/\/www.livrariarema.com.br\/loja\/wp-json\/wp\/v2\/media\/347314"}],"wp:attachment":[{"href":"https:\/\/www.livrariarema.com.br\/loja\/wp-json\/wp\/v2\/media?parent=266979"}],"wp:term":[{"taxonomy":"product_cat","embeddable":true,"href":"https:\/\/www.livrariarema.com.br\/loja\/wp-json\/wp\/v2\/product_cat?post=266979"},{"taxonomy":"product_tag","embeddable":true,"href":"https:\/\/www.livrariarema.com.br\/loja\/wp-json\/wp\/v2\/product_tag?post=266979"}],"curies":[{"name":"wp","href":"https:\/\/api.w.org\/{rel}","templated":true}]}}