{"id":266991,"date":"2023-11-25T15:56:39","date_gmt":"2023-11-25T18:56:39","guid":{"rendered":"https:\/\/www.livrariarema.com.br\/loja\/produtos\/sem categoria\/garrafa-termica-metal-500ml-amigos-que-o-coracao-escolheu\/"},"modified":"2024-04-04T11:00:52","modified_gmt":"2024-04-04T14:00:52","slug":"garrafa-termica-metal-500ml-amigos-que-o-coracao-escolheu","status":"publish","type":"product","link":"https:\/\/www.livrariarema.com.br\/loja\/produtos\/diversos\/garrafa-termica\/garrafa-termica-metal-500ml-amigos-que-o-coracao-escolheu\/","title":{"rendered":"Garrafa T\u00e9rmica &#8211; Metal &#8211; 500Ml &#8211; Amigos Que O Cora\u00e7\u00e3o Escolheu"},"content":{"rendered":"","protected":false},"excerpt":{"rendered":"","protected":false},"featured_media":290432,"comment_status":"open","ping_status":"closed","template":"","meta":[],"product_cat":[132,242],"product_tag":[],"_links":{"self":[{"href":"https:\/\/www.livrariarema.com.br\/loja\/wp-json\/wp\/v2\/product\/266991"}],"collection":[{"href":"https:\/\/www.livrariarema.com.br\/loja\/wp-json\/wp\/v2\/product"}],"about":[{"href":"https:\/\/www.livrariarema.com.br\/loja\/wp-json\/wp\/v2\/types\/product"}],"replies":[{"embeddable":true,"href":"https:\/\/www.livrariarema.com.br\/loja\/wp-json\/wp\/v2\/comments?post=266991"}],"wp:featuredmedia":[{"embeddable":true,"href":"https:\/\/www.livrariarema.com.br\/loja\/wp-json\/wp\/v2\/media\/290432"}],"wp:attachment":[{"href":"https:\/\/www.livrariarema.com.br\/loja\/wp-json\/wp\/v2\/media?parent=266991"}],"wp:term":[{"taxonomy":"product_cat","embeddable":true,"href":"https:\/\/www.livrariarema.com.br\/loja\/wp-json\/wp\/v2\/product_cat?post=266991"},{"taxonomy":"product_tag","embeddable":true,"href":"https:\/\/www.livrariarema.com.br\/loja\/wp-json\/wp\/v2\/product_tag?post=266991"}],"curies":[{"name":"wp","href":"https:\/\/api.w.org\/{rel}","templated":true}]}}