{"id":267063,"date":"2023-11-25T16:00:04","date_gmt":"2023-11-25T19:00:04","guid":{"rendered":"https:\/\/www.livrariarema.com.br\/loja\/produtos\/sem categoria\/garrafa-termica-flip-300ml-arca-de-noe\/"},"modified":"2025-10-17T14:30:54","modified_gmt":"2025-10-17T17:30:54","slug":"garrafa-termica-flip-300ml-arca-de-noe","status":"publish","type":"product","link":"https:\/\/www.livrariarema.com.br\/loja\/produtos\/diversos\/garrafa-termica\/garrafa-termica-flip-300ml-arca-de-noe\/","title":{"rendered":"Garrafa T\u00e9rmica &#8211; Flip &#8211; 300Ml &#8211; Arca De No\u00e9"},"content":{"rendered":"<p>A Garrafa T\u00e9rmica Flip \u00e9 a companheira perfeita para manter as crian\u00e7as hidratadas durante suas aventuras ao ar livre, como caminhadas, pedaladas e brincadeiras. Com um pr\u00e1tico bot\u00e3o de abertura da tampa e uma trava antivazamento, esta garrafa oferece facilidade e agilidade na hora de se hidratar. Al\u00e9m disso, seu design colorido e divertido certamente vai encantar os pequenos.<\/p>\n<p>Principais caracter\u00edsticas:<br \/>\nParede dupla com isolamento a v\u00e1cuo: Mant\u00e9m as bebidas geladas at\u00e9 o \u00faltimo gole, por aproximadamente 4 horas, e as bebidas quentes por at\u00e9 8 horas.<\/p>\n","protected":false},"excerpt":{"rendered":"<p>A Garrafa T\u00e9rmica Flip \u00e9 a companheira perfeita para manter as crian\u00e7as hidratadas durante suas aventuras ao ar livre, como&hellip;<\/p>\n","protected":false},"featured_media":308744,"comment_status":"open","ping_status":"closed","template":"","meta":[],"product_cat":[132,242],"product_tag":[],"_links":{"self":[{"href":"https:\/\/www.livrariarema.com.br\/loja\/wp-json\/wp\/v2\/product\/267063"}],"collection":[{"href":"https:\/\/www.livrariarema.com.br\/loja\/wp-json\/wp\/v2\/product"}],"about":[{"href":"https:\/\/www.livrariarema.com.br\/loja\/wp-json\/wp\/v2\/types\/product"}],"replies":[{"embeddable":true,"href":"https:\/\/www.livrariarema.com.br\/loja\/wp-json\/wp\/v2\/comments?post=267063"}],"wp:featuredmedia":[{"embeddable":true,"href":"https:\/\/www.livrariarema.com.br\/loja\/wp-json\/wp\/v2\/media\/308744"}],"wp:attachment":[{"href":"https:\/\/www.livrariarema.com.br\/loja\/wp-json\/wp\/v2\/media?parent=267063"}],"wp:term":[{"taxonomy":"product_cat","embeddable":true,"href":"https:\/\/www.livrariarema.com.br\/loja\/wp-json\/wp\/v2\/product_cat?post=267063"},{"taxonomy":"product_tag","embeddable":true,"href":"https:\/\/www.livrariarema.com.br\/loja\/wp-json\/wp\/v2\/product_tag?post=267063"}],"curies":[{"name":"wp","href":"https:\/\/api.w.org\/{rel}","templated":true}]}}