{"id":267077,"date":"2023-11-25T16:00:50","date_gmt":"2023-11-25T19:00:50","guid":{"rendered":"https:\/\/www.livrariarema.com.br\/loja\/produtos\/sem categoria\/caneca-de-porcelana-urban-300ml-muitas-felicidades\/"},"modified":"2026-04-28T09:26:41","modified_gmt":"2026-04-28T12:26:41","slug":"caneca-de-porcelana-urban-300ml-muitas-felicidades","status":"publish","type":"product","link":"https:\/\/www.livrariarema.com.br\/loja\/produtos\/diversos\/caneca\/caneca-de-porcelana-urban-300ml-muitas-felicidades\/","title":{"rendered":"Caneca De Porcelana &#8211; Urban 300Ml &#8211; Muitas Felicidades"},"content":{"rendered":"<p>A caneca perfeita para um caf\u00e9 com amor e sabor, para desfrute de cada gole e aproveitar cada momento de pausa com a companhias perfeitas. Esta caneca \u00e9 a escolha certa para quem busca qualidade e estilo em uma s\u00f3 pe\u00e7a.<Br><br \/>\nDesperte o seu lado criativo e presenteie uma pessoa, que ter\u00e1 o prazer de uma bebida quente nesta caneca.<Br><br \/>\nA CANECA URBAN \u00e9 fabricada em porcelana de alta qualidade que garante maior durabilidade durante seu uso.<Br><br \/>\nA LINHA DE CANECAS URBAN \u00e9 um item essencial no seu caf\u00e9 da manh\u00e3, al\u00e9m disso voc\u00ea pode us\u00e1-la como porta treco, porta l\u00e1pis ou presentear algu\u00e9m especial.<\/p>\n","protected":false},"excerpt":{"rendered":"<p>A caneca perfeita para um caf\u00e9 com amor e sabor, para desfrute de cada gole e aproveitar cada momento de&hellip;<\/p>\n","protected":false},"featured_media":347331,"comment_status":"open","ping_status":"closed","template":"","meta":[],"product_cat":[235,132],"product_tag":[],"_links":{"self":[{"href":"https:\/\/www.livrariarema.com.br\/loja\/wp-json\/wp\/v2\/product\/267077"}],"collection":[{"href":"https:\/\/www.livrariarema.com.br\/loja\/wp-json\/wp\/v2\/product"}],"about":[{"href":"https:\/\/www.livrariarema.com.br\/loja\/wp-json\/wp\/v2\/types\/product"}],"replies":[{"embeddable":true,"href":"https:\/\/www.livrariarema.com.br\/loja\/wp-json\/wp\/v2\/comments?post=267077"}],"wp:featuredmedia":[{"embeddable":true,"href":"https:\/\/www.livrariarema.com.br\/loja\/wp-json\/wp\/v2\/media\/347331"}],"wp:attachment":[{"href":"https:\/\/www.livrariarema.com.br\/loja\/wp-json\/wp\/v2\/media?parent=267077"}],"wp:term":[{"taxonomy":"product_cat","embeddable":true,"href":"https:\/\/www.livrariarema.com.br\/loja\/wp-json\/wp\/v2\/product_cat?post=267077"},{"taxonomy":"product_tag","embeddable":true,"href":"https:\/\/www.livrariarema.com.br\/loja\/wp-json\/wp\/v2\/product_tag?post=267077"}],"curies":[{"name":"wp","href":"https:\/\/api.w.org\/{rel}","templated":true}]}}