{"id":267201,"date":"2023-11-28T11:04:25","date_gmt":"2023-11-28T14:04:25","guid":{"rendered":"https:\/\/www.livrariarema.com.br\/loja\/produtos\/sem%20categoria\/controversias-de-jesus-as-john-stott\/"},"modified":"2026-03-24T12:13:22","modified_gmt":"2026-03-24T15:13:22","slug":"controversias-de-jesus-as-john-stott","status":"publish","type":"product","link":"https:\/\/www.livrariarema.com.br\/loja\/produtos\/livros\/estudo-biblico\/controversias-de-jesus-as-john-stott\/","title":{"rendered":"Controv\u00e9rsias De Jesus, As &#8211; John Stott"},"content":{"rendered":"<p>N\u00e3o \u00e9 raro ouvir que &#8220;nem Jesus Cristo agradou a todos&#8221;. Na verdade, ele agradou a poucos. Mesmo entre os religiosos. <\/p>\n<p>As Controv\u00e9rsias de Jesus mostra que grande parte das falas de Jesus assumiu a forma de debates com os l\u00edderes religiosos da sua \u00e9poca. Os assuntos s\u00e3o os mais variados e tamb\u00e9m bastante atuais:<br \/>\n&#8211; a tradi\u00e7\u00e3o e a autoridade das Escrituras<br \/>\n&#8211; salva\u00e7\u00e3o: m\u00e9rito versus gra\u00e7a<br \/>\n&#8211; adora\u00e7\u00e3o<br \/>\n&#8211; mundanismo versus santidade<br \/>\n&#8211; moralidade<br \/>\n&#8211; legalismo<br \/>\nEntre outros.<\/p>\n<p>As controv\u00e9rsias de Jesus continuam ainda hoje e a posi\u00e7\u00e3o que Cristo adotou em cada debate \u00e9 a que os crist\u00e3os evang\u00e9licos precisam manter. <\/p>\n<p>Para John Stott, \u00e9 preciso desenterrar as ra\u00edzes de hostilidade em rela\u00e7\u00e3o \u00e0s quest\u00f5es doutrin\u00e1rias e insistir na busca por uma defini\u00e7\u00e3o teol\u00f3gica em favor do cristianismo evang\u00e9lico. E a ess\u00eancia, segundo Stott, \u00e9 o cristianismo b\u00edblico, original, como o pr\u00f3prio Jesus Cristo ensinou aos seus ap\u00f3stolos e, especialmente, como ele a defendeu de seus detratores.<\/p>\n","protected":false},"excerpt":{"rendered":"<p>N\u00e3o \u00e9 raro ouvir que &#8220;nem Jesus Cristo agradou a todos&#8221;. Na verdade, ele agradou a poucos. Mesmo entre os&hellip;<\/p>\n","protected":false},"featured_media":346722,"comment_status":"open","ping_status":"closed","template":"","meta":[],"product_cat":[161,134],"product_tag":[],"_links":{"self":[{"href":"https:\/\/www.livrariarema.com.br\/loja\/wp-json\/wp\/v2\/product\/267201"}],"collection":[{"href":"https:\/\/www.livrariarema.com.br\/loja\/wp-json\/wp\/v2\/product"}],"about":[{"href":"https:\/\/www.livrariarema.com.br\/loja\/wp-json\/wp\/v2\/types\/product"}],"replies":[{"embeddable":true,"href":"https:\/\/www.livrariarema.com.br\/loja\/wp-json\/wp\/v2\/comments?post=267201"}],"wp:featuredmedia":[{"embeddable":true,"href":"https:\/\/www.livrariarema.com.br\/loja\/wp-json\/wp\/v2\/media\/346722"}],"wp:attachment":[{"href":"https:\/\/www.livrariarema.com.br\/loja\/wp-json\/wp\/v2\/media?parent=267201"}],"wp:term":[{"taxonomy":"product_cat","embeddable":true,"href":"https:\/\/www.livrariarema.com.br\/loja\/wp-json\/wp\/v2\/product_cat?post=267201"},{"taxonomy":"product_tag","embeddable":true,"href":"https:\/\/www.livrariarema.com.br\/loja\/wp-json\/wp\/v2\/product_tag?post=267201"}],"curies":[{"name":"wp","href":"https:\/\/api.w.org\/{rel}","templated":true}]}}