{"id":267349,"date":"2023-11-28T11:55:22","date_gmt":"2023-11-28T14:55:22","guid":{"rendered":"https:\/\/www.livrariarema.com.br\/loja\/produtos\/sem categoria\/desafio-da-pregacao-john-stott\/"},"modified":"2026-03-04T13:27:36","modified_gmt":"2026-03-04T16:27:36","slug":"desafio-da-pregacao-john-stott","status":"publish","type":"product","link":"https:\/\/www.livrariarema.com.br\/loja\/produtos\/livros\/lideranca\/desafio-da-pregacao-john-stott\/","title":{"rendered":"Desafio Da Prega\u00e7\u00e3o &#8211; John Stott"},"content":{"rendered":"<p>N\u00c3O CONHE\u00c7O OUTRO LIVRO QUE UNA O MELHOR DA PR\u00c1TICA PASTORAL COM ORIENTA\u00c7\u00d5ES SOBRE A PREGA\u00c7\u00c3O COMO O DESAFIO DA PREGA\u00c7\u00c3O, DE JOHN STOTT. <br \/>\n&#8211; Bryan Chapell<\/p>\n<p>A prega\u00e7\u00e3o e os escritos de John Stott carregam pelo menos tr\u00eas marcas: fidelidade \u00e0s Escrituras, relev\u00e2ncia para o mundo contempor\u00e2neo e clareza.<\/p>\n<p>O Desafio da Prega\u00e7\u00e3o \u00e9 uma resposta \u00e0 no\u00e7\u00e3o de que n\u00e3o h\u00e1 lugar para a prega\u00e7\u00e3o no mundo contempor\u00e2neo. A prega\u00e7\u00e3o \u00e9 indispens\u00e1vel ao cristianismo.<\/p>\n<p>E n\u00e3o se trata de t\u00e9cnicas apenas nem de pontos de vista diferentes, mas da natureza da tarefa e do car\u00e1ter de quem prega.<\/p>\n<p>O Desafio da Prega\u00e7\u00e3o oferece sugest\u00f5es pr\u00e1ticas para o preparo de mensagens, bem como sabedoria e convic\u00e7\u00e3o que sustentam um compromisso com a proclama\u00e7\u00e3o da verdade com fidelidade e relev\u00e2ncia para as novas gera\u00e7\u00f5es.<\/p>\n<p>O Desafio da Prega\u00e7\u00e3o encoraja os pregadores, lembrando-lhes da import\u00e2ncia do seu chamado, e exorta-os sobre a ora\u00e7\u00e3o e o preparo cuidadoso de cada mensagem, bem como nos lembra das qualidades pessoais que devem caracterizar todo fiel pregador da Palavra de Deus.<br \/>\n&#8211; Rick Warren<\/p>\n<p>\u00c9 dif\u00edcil melhorar um cl\u00e1ssico, mas Greg Scharf fez isso com O Desafio da Prega\u00e7\u00e3o. Sem perder o sabor do original, ele acrescentou tempero ao texto de John Stott e aumentou seu apelo para uma nova gera\u00e7\u00e3o de pregadores.<br \/>\n&#8211; Alistair Begg<\/p>\n","protected":false},"excerpt":{"rendered":"<p>N\u00c3O CONHE\u00c7O OUTRO LIVRO QUE UNA O MELHOR DA PR\u00c1TICA PASTORAL COM ORIENTA\u00c7\u00d5ES SOBRE A PREGA\u00c7\u00c3O COMO O DESAFIO DA&hellip;<\/p>\n","protected":false},"featured_media":345846,"comment_status":"open","ping_status":"closed","template":"","meta":[],"product_cat":[153,134],"product_tag":[],"_links":{"self":[{"href":"https:\/\/www.livrariarema.com.br\/loja\/wp-json\/wp\/v2\/product\/267349"}],"collection":[{"href":"https:\/\/www.livrariarema.com.br\/loja\/wp-json\/wp\/v2\/product"}],"about":[{"href":"https:\/\/www.livrariarema.com.br\/loja\/wp-json\/wp\/v2\/types\/product"}],"replies":[{"embeddable":true,"href":"https:\/\/www.livrariarema.com.br\/loja\/wp-json\/wp\/v2\/comments?post=267349"}],"wp:featuredmedia":[{"embeddable":true,"href":"https:\/\/www.livrariarema.com.br\/loja\/wp-json\/wp\/v2\/media\/345846"}],"wp:attachment":[{"href":"https:\/\/www.livrariarema.com.br\/loja\/wp-json\/wp\/v2\/media?parent=267349"}],"wp:term":[{"taxonomy":"product_cat","embeddable":true,"href":"https:\/\/www.livrariarema.com.br\/loja\/wp-json\/wp\/v2\/product_cat?post=267349"},{"taxonomy":"product_tag","embeddable":true,"href":"https:\/\/www.livrariarema.com.br\/loja\/wp-json\/wp\/v2\/product_tag?post=267349"}],"curies":[{"name":"wp","href":"https:\/\/api.w.org\/{rel}","templated":true}]}}