{"id":267351,"date":"2023-11-28T11:55:30","date_gmt":"2023-11-28T14:55:30","guid":{"rendered":"https:\/\/www.livrariarema.com.br\/loja\/produtos\/sem%20categoria\/geografia-do-recolhimento-o-lugar-da-vida-devocional-cayo-cesar-santos\/"},"modified":"2024-03-27T10:06:42","modified_gmt":"2024-03-27T13:06:42","slug":"geografia-do-recolhimento-o-lugar-da-vida-devocional-cayo-cesar-santos","status":"publish","type":"product","link":"https:\/\/www.livrariarema.com.br\/loja\/produtos\/livros\/devocional\/geografia-do-recolhimento-o-lugar-da-vida-devocional-cayo-cesar-santos\/","title":{"rendered":"Geografia Do Recolhimento &#8211; O Lugar Da Vida Devocional &#8211; Cayo C\u00e9sar Santos"},"content":{"rendered":"<p>NO PRINC\u00cdPIO ERA O JARDIM. DEPOIS, O DESERTO, A MONTANHA E AT\u00c9 O MAR&#8230;<\/p>\n<p>Hoje, o tempo, o espa\u00e7o ou as circunst\u00e2ncias nos afastam da vida devocional sem cerim\u00f4nia alguma.<\/p>\n<p>C. S. Lewis vai direto ao ponto: &#8220;Orar \u00e9 enfadonho. Quando a ora\u00e7\u00e3o acaba, tem-se um sentimento de al\u00edvio. E ficamos muito satisfeitos ao terminar&#8221;. N\u00e3o deveria ser assim.<\/p>\n<p>Geografia do Recolhimento &#8211; o lugar da vida devocional \u00e9 um guia precioso para nos conduzir pelas trilhas da maturidade espiritual, \u00e0 medida que caminhamos pelos mesmos &#8220;lugares&#8221; daqueles que tamb\u00e9m andaram com Deus.<\/p>\n<p>Como lidar com as ferramentas da espiritualidade, em especial a leitura b\u00edblica e a ora\u00e7\u00e3o, e encontrar o lugar da devo\u00e7\u00e3o pessoal na vida di\u00e1ria? \u00c9 disso que trata Geografia do Recolhimento.<\/p>\n","protected":false},"excerpt":{"rendered":"<p>NO PRINC\u00cdPIO ERA O JARDIM. DEPOIS, O DESERTO, A MONTANHA E AT\u00c9 O MAR&#8230; Hoje, o tempo, o espa\u00e7o ou&hellip;<\/p>\n","protected":false},"featured_media":277132,"comment_status":"open","ping_status":"closed","template":"","meta":[],"product_cat":[158,134],"product_tag":[],"_links":{"self":[{"href":"https:\/\/www.livrariarema.com.br\/loja\/wp-json\/wp\/v2\/product\/267351"}],"collection":[{"href":"https:\/\/www.livrariarema.com.br\/loja\/wp-json\/wp\/v2\/product"}],"about":[{"href":"https:\/\/www.livrariarema.com.br\/loja\/wp-json\/wp\/v2\/types\/product"}],"replies":[{"embeddable":true,"href":"https:\/\/www.livrariarema.com.br\/loja\/wp-json\/wp\/v2\/comments?post=267351"}],"wp:featuredmedia":[{"embeddable":true,"href":"https:\/\/www.livrariarema.com.br\/loja\/wp-json\/wp\/v2\/media\/277132"}],"wp:attachment":[{"href":"https:\/\/www.livrariarema.com.br\/loja\/wp-json\/wp\/v2\/media?parent=267351"}],"wp:term":[{"taxonomy":"product_cat","embeddable":true,"href":"https:\/\/www.livrariarema.com.br\/loja\/wp-json\/wp\/v2\/product_cat?post=267351"},{"taxonomy":"product_tag","embeddable":true,"href":"https:\/\/www.livrariarema.com.br\/loja\/wp-json\/wp\/v2\/product_tag?post=267351"}],"curies":[{"name":"wp","href":"https:\/\/api.w.org\/{rel}","templated":true}]}}