{"id":267355,"date":"2023-11-28T11:55:46","date_gmt":"2023-11-28T14:55:46","guid":{"rendered":"https:\/\/www.livrariarema.com.br\/loja\/produtos\/sem categoria\/meditacoes-diarias-para-todas-as-estacoes-elben-m-lenz-cesar\/"},"modified":"2025-09-16T09:29:16","modified_gmt":"2025-09-16T12:29:16","slug":"meditacoes-diarias-para-todas-as-estacoes-elben-m-lenz-cesar","status":"publish","type":"product","link":"https:\/\/www.livrariarema.com.br\/loja\/produtos\/livros\/devocional\/meditacoes-diarias-para-todas-as-estacoes-elben-m-lenz-cesar\/","title":{"rendered":"Medita\u00e7\u00f5es Di\u00e1rias Para Todas As Esta\u00e7\u00f5es &#8211; Elben M. Lenz C\u00e9sar"},"content":{"rendered":"<p>MEDITA\u00c7\u00d5ES DI\u00c1RIAS<\/p>\n<p>para um ano inteiro&#8230;<\/p>\n<p>para todas as esta\u00e7\u00f5es&#8230;<\/p>\n<p>As pr\u00e1ticas &#8211; ou exerc\u00edcios &#8211; espirituais n\u00e3o fazem outra coisa sen\u00e3o ajudar o leitor a desenvolver a arte de procurar o Senhor nas p\u00e1ginas das Escrituras at\u00e9 encontr\u00e1-lo. S\u00e3o exerc\u00edcios di\u00e1rios de sobreviv\u00eancia e de plenitude espiritual.<\/p>\n<p>As medita\u00e7\u00f5es di\u00e1rias aqui reunidas s\u00e3o fruto do encontro entre as Escrituras e a sabedoria pastoral. Ao longo do ano, dia a dia e por toda a B\u00edblia, somos guiados pela profundidade b\u00edblica e pela facilidade de aplica\u00e7\u00e3o pr\u00e1tica.<\/p>\n<p>Medita\u00e7\u00f5es Di\u00e1rias &#8211; Para todas as esta\u00e7\u00f5es acompanha a ordem dos livros da B\u00edblia, de G\u00eanesis a Apocalipse. E foi organizado para um ano inteiro e para todas as esta\u00e7\u00f5es &#8211; dias de sol e dias encobertos, de calor e tamb\u00e9m de muito frio, de seca e de chuva, de dor e de celebra\u00e7\u00e3o, de boas not\u00edcias e de m\u00e1s not\u00edcias.<\/p>\n","protected":false},"excerpt":{"rendered":"<p>MEDITA\u00c7\u00d5ES DI\u00c1RIAS para um ano inteiro&#8230; para todas as esta\u00e7\u00f5es&#8230; As pr\u00e1ticas &#8211; ou exerc\u00edcios &#8211; espirituais n\u00e3o fazem outra&hellip;<\/p>\n","protected":false},"featured_media":336642,"comment_status":"open","ping_status":"closed","template":"","meta":[],"product_cat":[158,134],"product_tag":[],"_links":{"self":[{"href":"https:\/\/www.livrariarema.com.br\/loja\/wp-json\/wp\/v2\/product\/267355"}],"collection":[{"href":"https:\/\/www.livrariarema.com.br\/loja\/wp-json\/wp\/v2\/product"}],"about":[{"href":"https:\/\/www.livrariarema.com.br\/loja\/wp-json\/wp\/v2\/types\/product"}],"replies":[{"embeddable":true,"href":"https:\/\/www.livrariarema.com.br\/loja\/wp-json\/wp\/v2\/comments?post=267355"}],"wp:featuredmedia":[{"embeddable":true,"href":"https:\/\/www.livrariarema.com.br\/loja\/wp-json\/wp\/v2\/media\/336642"}],"wp:attachment":[{"href":"https:\/\/www.livrariarema.com.br\/loja\/wp-json\/wp\/v2\/media?parent=267355"}],"wp:term":[{"taxonomy":"product_cat","embeddable":true,"href":"https:\/\/www.livrariarema.com.br\/loja\/wp-json\/wp\/v2\/product_cat?post=267355"},{"taxonomy":"product_tag","embeddable":true,"href":"https:\/\/www.livrariarema.com.br\/loja\/wp-json\/wp\/v2\/product_tag?post=267355"}],"curies":[{"name":"wp","href":"https:\/\/api.w.org\/{rel}","templated":true}]}}