{"id":267463,"date":"2023-11-29T12:57:51","date_gmt":"2023-11-29T15:57:51","guid":{"rendered":"https:\/\/www.livrariarema.com.br\/loja\/produtos\/sem categoria\/na81-biblia-slim-floral\/"},"modified":"2026-02-09T11:50:40","modified_gmt":"2026-02-09T14:50:40","slug":"na81-biblia-slim-floral","status":"publish","type":"product","link":"https:\/\/www.livrariarema.com.br\/loja\/produtos\/biblias\/nova-almeida-atualizada\/na81-biblia-slim-floral\/","title":{"rendered":"Na81 &#8211; B\u00edblia Slim &#8211; Floral"},"content":{"rendered":"<p>Excelente op\u00e7\u00e3o para o dia a dia, esta edi\u00e7\u00e3o da B\u00edblia Sagrada \u00e9 ultra fina e possui letras grandes com texto b\u00edblico na tradu\u00e7\u00e3o Nova Almeida Atualizada.<\/p>\n","protected":false},"excerpt":{"rendered":"<p>Excelente op\u00e7\u00e3o para o dia a dia, esta edi\u00e7\u00e3o da B\u00edblia Sagrada \u00e9 ultra fina e possui letras grandes com&hellip;<\/p>\n","protected":false},"featured_media":336939,"comment_status":"open","ping_status":"closed","template":"","meta":[],"product_cat":[139,174],"product_tag":[],"_links":{"self":[{"href":"https:\/\/www.livrariarema.com.br\/loja\/wp-json\/wp\/v2\/product\/267463"}],"collection":[{"href":"https:\/\/www.livrariarema.com.br\/loja\/wp-json\/wp\/v2\/product"}],"about":[{"href":"https:\/\/www.livrariarema.com.br\/loja\/wp-json\/wp\/v2\/types\/product"}],"replies":[{"embeddable":true,"href":"https:\/\/www.livrariarema.com.br\/loja\/wp-json\/wp\/v2\/comments?post=267463"}],"wp:featuredmedia":[{"embeddable":true,"href":"https:\/\/www.livrariarema.com.br\/loja\/wp-json\/wp\/v2\/media\/336939"}],"wp:attachment":[{"href":"https:\/\/www.livrariarema.com.br\/loja\/wp-json\/wp\/v2\/media?parent=267463"}],"wp:term":[{"taxonomy":"product_cat","embeddable":true,"href":"https:\/\/www.livrariarema.com.br\/loja\/wp-json\/wp\/v2\/product_cat?post=267463"},{"taxonomy":"product_tag","embeddable":true,"href":"https:\/\/www.livrariarema.com.br\/loja\/wp-json\/wp\/v2\/product_tag?post=267463"}],"curies":[{"name":"wp","href":"https:\/\/api.w.org\/{rel}","templated":true}]}}