{"id":267470,"date":"2023-11-29T12:58:10","date_gmt":"2023-11-29T15:58:10","guid":{"rendered":"https:\/\/www.livrariarema.com.br\/loja\/produtos\/sem categoria\/ntlh085e-biblia-de-estudo-ntlh-azul-nobre-2\/"},"modified":"2025-12-08T13:03:26","modified_gmt":"2025-12-08T16:03:26","slug":"ntlh085e-biblia-de-estudo-ntlh-azul-nobre-2","status":"publish","type":"product","link":"https:\/\/www.livrariarema.com.br\/loja\/produtos\/biblias\/estudo\/ntlh085e-biblia-de-estudo-ntlh-azul-nobre-2\/","title":{"rendered":"Ntlh085e &#8211; Biblia De Estudo Ntlh &#8211; Azul Nobre"},"content":{"rendered":"<p>Por sua linguagem clara, profunda e edificante, esta \u00e9 uma B\u00edblia que procura explicar o significado do texto b\u00edblico, sem favorecer uma posi\u00e7\u00e3o doutrin\u00e1ria.<\/p>\n","protected":false},"excerpt":{"rendered":"<p>Por sua linguagem clara, profunda e edificante, esta \u00e9 uma B\u00edblia que procura explicar o significado do texto b\u00edblico, sem&hellip;<\/p>\n","protected":false},"featured_media":342219,"comment_status":"open","ping_status":"closed","template":"","meta":[],"product_cat":[139,140],"product_tag":[],"_links":{"self":[{"href":"https:\/\/www.livrariarema.com.br\/loja\/wp-json\/wp\/v2\/product\/267470"}],"collection":[{"href":"https:\/\/www.livrariarema.com.br\/loja\/wp-json\/wp\/v2\/product"}],"about":[{"href":"https:\/\/www.livrariarema.com.br\/loja\/wp-json\/wp\/v2\/types\/product"}],"replies":[{"embeddable":true,"href":"https:\/\/www.livrariarema.com.br\/loja\/wp-json\/wp\/v2\/comments?post=267470"}],"wp:featuredmedia":[{"embeddable":true,"href":"https:\/\/www.livrariarema.com.br\/loja\/wp-json\/wp\/v2\/media\/342219"}],"wp:attachment":[{"href":"https:\/\/www.livrariarema.com.br\/loja\/wp-json\/wp\/v2\/media?parent=267470"}],"wp:term":[{"taxonomy":"product_cat","embeddable":true,"href":"https:\/\/www.livrariarema.com.br\/loja\/wp-json\/wp\/v2\/product_cat?post=267470"},{"taxonomy":"product_tag","embeddable":true,"href":"https:\/\/www.livrariarema.com.br\/loja\/wp-json\/wp\/v2\/product_tag?post=267470"}],"curies":[{"name":"wp","href":"https:\/\/api.w.org\/{rel}","templated":true}]}}