{"id":267593,"date":"2023-11-29T13:13:29","date_gmt":"2023-11-29T16:13:29","guid":{"rendered":"https:\/\/www.livrariarema.com.br\/loja\/produtos\/sem categoria\/arc065tibpp-biblia-do-pregador-pentecostal-pequena-com-indice-preto\/"},"modified":"2025-09-17T13:40:15","modified_gmt":"2025-09-17T16:40:15","slug":"arc065tibpp-biblia-do-pregador-pentecostal-pequena-com-indice-preto","status":"publish","type":"product","link":"https:\/\/www.livrariarema.com.br\/loja\/produtos\/biblias\/estudo\/arc065tibpp-biblia-do-pregador-pentecostal-pequena-com-indice-preto\/","title":{"rendered":"Arc065tibpp &#8211; B\u00edblia Do Pregador Pentecostal &#8211; Pequena &#8211; Com \u00cdndice &#8211; Preto"},"content":{"rendered":"<p>A B\u00edblia do Pregador Pentecostal \u00e9 \u00fanica B\u00edblia com serm\u00f5es prontos junto ao texto b\u00edblico, al\u00e9m de curso b\u00e1sico de Teologia. Seu principal objetivo \u00e9 colocar \u00e0 disposi\u00e7\u00e3o de todos os obreiros uma ferramenta pr\u00e1tica e de conte\u00fado rico para o exerc\u00edcio do minist\u00e9rio crist\u00e3o. S\u00e3o 1.002 serm\u00f5es b\u00edblicos, que servir\u00e3o de aux\u00edlio e orienta\u00e7\u00e3o para prega\u00e7\u00f5es voltadas aos mais diversos p\u00fablicos e ocasi\u00f5es.<\/p>\n","protected":false},"excerpt":{"rendered":"<p>A B\u00edblia do Pregador Pentecostal \u00e9 \u00fanica B\u00edblia com serm\u00f5es prontos junto ao texto b\u00edblico, al\u00e9m de curso b\u00e1sico de&hellip;<\/p>\n","protected":false},"featured_media":337087,"comment_status":"open","ping_status":"closed","template":"","meta":[],"product_cat":[139,140],"product_tag":[],"_links":{"self":[{"href":"https:\/\/www.livrariarema.com.br\/loja\/wp-json\/wp\/v2\/product\/267593"}],"collection":[{"href":"https:\/\/www.livrariarema.com.br\/loja\/wp-json\/wp\/v2\/product"}],"about":[{"href":"https:\/\/www.livrariarema.com.br\/loja\/wp-json\/wp\/v2\/types\/product"}],"replies":[{"embeddable":true,"href":"https:\/\/www.livrariarema.com.br\/loja\/wp-json\/wp\/v2\/comments?post=267593"}],"wp:featuredmedia":[{"embeddable":true,"href":"https:\/\/www.livrariarema.com.br\/loja\/wp-json\/wp\/v2\/media\/337087"}],"wp:attachment":[{"href":"https:\/\/www.livrariarema.com.br\/loja\/wp-json\/wp\/v2\/media?parent=267593"}],"wp:term":[{"taxonomy":"product_cat","embeddable":true,"href":"https:\/\/www.livrariarema.com.br\/loja\/wp-json\/wp\/v2\/product_cat?post=267593"},{"taxonomy":"product_tag","embeddable":true,"href":"https:\/\/www.livrariarema.com.br\/loja\/wp-json\/wp\/v2\/product_tag?post=267593"}],"curies":[{"name":"wp","href":"https:\/\/api.w.org\/{rel}","templated":true}]}}