{"id":267598,"date":"2023-11-29T13:13:47","date_gmt":"2023-11-29T16:13:47","guid":{"rendered":"https:\/\/www.livrariarema.com.br\/loja\/produtos\/sem categoria\/ra065bma2-biblia-da-mamae-impresso-flores-goiaba\/"},"modified":"2026-03-10T16:00:53","modified_gmt":"2026-03-10T19:00:53","slug":"ra065bma2-biblia-da-mamae-impresso-flores-goiaba","status":"publish","type":"product","link":"https:\/\/www.livrariarema.com.br\/loja\/produtos\/biblias\/estudo\/ra065bma2-biblia-da-mamae-impresso-flores-goiaba\/","title":{"rendered":"Ra065bma2 &#8211; B\u00edblia Da Mam\u00e3e &#8211; Impresso Flores Goiaba"},"content":{"rendered":"<p>A B\u00edblia da Mam\u00e3e \u00e9 indicada para presentear m\u00e3es e futuras m\u00e3es de todas as idades, especialmente em datas comemorativas como Dia das M\u00e3es e anivers\u00e1rios. Os recursos contidos nela ajudam a levar as m\u00e3es at\u00e9 a presen\u00e7a de Deus, onde encontrar\u00e3o sabedoria e inspira\u00e7\u00e3o para desempenhar o seu papel materno, auxiliando e orientando seus filhos a partir dos s\u00f3lidos princ\u00edpios e valores b\u00edblicos. Com texto b\u00edblico na tradu\u00e7\u00e3o de Almeida Revista e Atualizada. Os estudos e notas foram escritos por Bobbie Wolgemuth. Esposa, m\u00e3e e av\u00f3, a autora dirige grupos de estudo b\u00edblico voltados especialmente para m\u00e3es.<\/p>\n","protected":false},"excerpt":{"rendered":"<p>A B\u00edblia da Mam\u00e3e \u00e9 indicada para presentear m\u00e3es e futuras m\u00e3es de todas as idades, especialmente em datas comemorativas&hellip;<\/p>\n","protected":false},"featured_media":269504,"comment_status":"open","ping_status":"closed","template":"","meta":[],"product_cat":[139,140],"product_tag":[],"_links":{"self":[{"href":"https:\/\/www.livrariarema.com.br\/loja\/wp-json\/wp\/v2\/product\/267598"}],"collection":[{"href":"https:\/\/www.livrariarema.com.br\/loja\/wp-json\/wp\/v2\/product"}],"about":[{"href":"https:\/\/www.livrariarema.com.br\/loja\/wp-json\/wp\/v2\/types\/product"}],"replies":[{"embeddable":true,"href":"https:\/\/www.livrariarema.com.br\/loja\/wp-json\/wp\/v2\/comments?post=267598"}],"wp:featuredmedia":[{"embeddable":true,"href":"https:\/\/www.livrariarema.com.br\/loja\/wp-json\/wp\/v2\/media\/269504"}],"wp:attachment":[{"href":"https:\/\/www.livrariarema.com.br\/loja\/wp-json\/wp\/v2\/media?parent=267598"}],"wp:term":[{"taxonomy":"product_cat","embeddable":true,"href":"https:\/\/www.livrariarema.com.br\/loja\/wp-json\/wp\/v2\/product_cat?post=267598"},{"taxonomy":"product_tag","embeddable":true,"href":"https:\/\/www.livrariarema.com.br\/loja\/wp-json\/wp\/v2\/product_tag?post=267598"}],"curies":[{"name":"wp","href":"https:\/\/api.w.org\/{rel}","templated":true}]}}