{"id":267649,"date":"2023-11-29T13:19:24","date_gmt":"2023-11-29T16:19:24","guid":{"rendered":"https:\/\/www.livrariarema.com.br\/loja\/produtos\/sem categoria\/ra085bglg-biblia-de-estudo-de-genebra-letra-grande-preta\/"},"modified":"2025-12-18T12:20:54","modified_gmt":"2025-12-18T15:20:54","slug":"ra085bglg-biblia-de-estudo-de-genebra-letra-grande-preta","status":"publish","type":"product","link":"https:\/\/www.livrariarema.com.br\/loja\/produtos\/biblias\/estudo\/ra085bglg-biblia-de-estudo-de-genebra-letra-grande-preta\/","title":{"rendered":"Ra085bglg &#8211; B\u00edblia De Estudo De Genebra &#8211; Letra Grande &#8211; Preta"},"content":{"rendered":"<p>Dispon\u00edvel h\u00e1 mais de 20 anos, a B\u00edblia de Estudo de Genebra \u00e9 uma das mais importantes obras teol\u00f3gicas publicadas em l\u00edngua portuguesa, agora com letra grande.<\/p>\n","protected":false},"excerpt":{"rendered":"<p>Dispon\u00edvel h\u00e1 mais de 20 anos, a B\u00edblia de Estudo de Genebra \u00e9 uma das mais importantes obras teol\u00f3gicas publicadas&hellip;<\/p>\n","protected":false},"featured_media":338235,"comment_status":"open","ping_status":"closed","template":"","meta":[],"product_cat":[139,140],"product_tag":[],"_links":{"self":[{"href":"https:\/\/www.livrariarema.com.br\/loja\/wp-json\/wp\/v2\/product\/267649"}],"collection":[{"href":"https:\/\/www.livrariarema.com.br\/loja\/wp-json\/wp\/v2\/product"}],"about":[{"href":"https:\/\/www.livrariarema.com.br\/loja\/wp-json\/wp\/v2\/types\/product"}],"replies":[{"embeddable":true,"href":"https:\/\/www.livrariarema.com.br\/loja\/wp-json\/wp\/v2\/comments?post=267649"}],"wp:featuredmedia":[{"embeddable":true,"href":"https:\/\/www.livrariarema.com.br\/loja\/wp-json\/wp\/v2\/media\/338235"}],"wp:attachment":[{"href":"https:\/\/www.livrariarema.com.br\/loja\/wp-json\/wp\/v2\/media?parent=267649"}],"wp:term":[{"taxonomy":"product_cat","embeddable":true,"href":"https:\/\/www.livrariarema.com.br\/loja\/wp-json\/wp\/v2\/product_cat?post=267649"},{"taxonomy":"product_tag","embeddable":true,"href":"https:\/\/www.livrariarema.com.br\/loja\/wp-json\/wp\/v2\/product_tag?post=267649"}],"curies":[{"name":"wp","href":"https:\/\/api.w.org\/{rel}","templated":true}]}}