{"id":267700,"date":"2023-11-29T14:47:25","date_gmt":"2023-11-29T17:47:25","guid":{"rendered":"https:\/\/www.livrariarema.com.br\/loja\/produtos\/sem categoria\/arc085tibpp-biblia-do-pregador-pentecostal-vinho-nobre\/"},"modified":"2026-01-29T15:50:44","modified_gmt":"2026-01-29T18:50:44","slug":"arc085tibpp-biblia-do-pregador-pentecostal-vinho-nobre","status":"publish","type":"product","link":"https:\/\/www.livrariarema.com.br\/loja\/produtos\/biblias\/estudo\/arc085tibpp-biblia-do-pregador-pentecostal-vinho-nobre\/","title":{"rendered":"Arc085tibpp &#8211; B\u00edblia Do Pregador Pentecostal &#8211; Vinho Nobre"},"content":{"rendered":"<p>A B\u00edblia do Pregador Pentecostal \u00e9 \u00fanica B\u00edblia com serm\u00f5es prontos junto ao texto b\u00edblico, al\u00e9m de curso b\u00e1sico de Teologia. Seu principal objetivo \u00e9 colocar \u00e0 disposi\u00e7\u00e3o de todos os obreiros uma ferramenta pr\u00e1tica e de conte\u00fado rico para o exerc\u00edcio do minist\u00e9rio crist\u00e3o. S\u00e3o 1.002 serm\u00f5es b\u00edblicos, que servir\u00e3o de aux\u00edlio e orienta\u00e7\u00e3o para prega\u00e7\u00f5es voltadas aos mais diversos p\u00fablicos e ocasi\u00f5es. Especialmente elaborados pelo te\u00f3logo e pastor Erivaldo de Jesus, os serm\u00f5es abordam cada um dos 66 livros da B\u00edblia, al\u00e9m de tratarem de temas para ministrar a Palavra de Deus em conven\u00e7\u00f5es de pastores, reuni\u00f5es de obreiros, escolas b\u00edblicas, reuni\u00f5es para mulheres e festividades em geral da Igreja. Cada serm\u00e3o \u00e9 subdividido em variados t\u00f3picos e refer\u00eancias b\u00edblicas acerca do tema abordado e possui os tr\u00eas elementos fundamentais do princ\u00edpio da homil\u00e9tica, que \u00e9 a arte de pregar: introdu\u00e7\u00e3o, explana\u00e7\u00e3o e conclus\u00e3o. A publica\u00e7\u00e3o oferece, ainda, um curso b\u00e1sico de Teologia, composto de 12 mat\u00e9rias teol\u00f3gicas, que dar\u00e1 uma pequena no\u00e7\u00e3o do que \u00e9 Teologia e sua import\u00e2ncia para o crescimento espiritual, intelectual e b\u00edblico de todos os estudantes da B\u00edblia Sagrada. Numa sociedade em que as pessoas vivem sempre correndo e com o tempo cada vez mais escasso para realizar todas as tarefas que t\u00eam de desempenhar, esta edi\u00e7\u00e3o da B\u00edblia Sagrada tem o objetivo de facilitar a vida de pastores e pregadores, oferecendo um caminho, uma luz, para que desenvolvam os temas que desejam trabalhar em seus serm\u00f5es, de uma forma pr\u00e1tica e r\u00e1pida.<\/p>\n","protected":false},"excerpt":{"rendered":"<p>A B\u00edblia do Pregador Pentecostal \u00e9 \u00fanica B\u00edblia com serm\u00f5es prontos junto ao texto b\u00edblico, al\u00e9m de curso b\u00e1sico de&hellip;<\/p>\n","protected":false},"featured_media":343707,"comment_status":"open","ping_status":"closed","template":"","meta":[],"product_cat":[139,140],"product_tag":[],"_links":{"self":[{"href":"https:\/\/www.livrariarema.com.br\/loja\/wp-json\/wp\/v2\/product\/267700"}],"collection":[{"href":"https:\/\/www.livrariarema.com.br\/loja\/wp-json\/wp\/v2\/product"}],"about":[{"href":"https:\/\/www.livrariarema.com.br\/loja\/wp-json\/wp\/v2\/types\/product"}],"replies":[{"embeddable":true,"href":"https:\/\/www.livrariarema.com.br\/loja\/wp-json\/wp\/v2\/comments?post=267700"}],"wp:featuredmedia":[{"embeddable":true,"href":"https:\/\/www.livrariarema.com.br\/loja\/wp-json\/wp\/v2\/media\/343707"}],"wp:attachment":[{"href":"https:\/\/www.livrariarema.com.br\/loja\/wp-json\/wp\/v2\/media?parent=267700"}],"wp:term":[{"taxonomy":"product_cat","embeddable":true,"href":"https:\/\/www.livrariarema.com.br\/loja\/wp-json\/wp\/v2\/product_cat?post=267700"},{"taxonomy":"product_tag","embeddable":true,"href":"https:\/\/www.livrariarema.com.br\/loja\/wp-json\/wp\/v2\/product_tag?post=267700"}],"curies":[{"name":"wp","href":"https:\/\/api.w.org\/{rel}","templated":true}]}}