{"id":267838,"date":"2023-11-29T14:52:43","date_gmt":"2023-11-29T17:52:43","guid":{"rendered":"https:\/\/www.livrariarema.com.br\/loja\/produtos\/sem categoria\/arc085tibppjv-biblia-de-estudo-plenitude-bordo-e-chumbo-com-indice\/"},"modified":"2026-03-31T13:50:44","modified_gmt":"2026-03-31T16:50:44","slug":"arc085tibppjv-biblia-de-estudo-plenitude-bordo-e-chumbo-com-indice","status":"publish","type":"product","link":"https:\/\/www.livrariarema.com.br\/loja\/produtos\/biblias\/estudo\/arc085tibppjv-biblia-de-estudo-plenitude-bordo-e-chumbo-com-indice\/","title":{"rendered":"Arc085tibppjv &#8211; B\u00edblia De Estudo Plenitude &#8211; Bord\u00f4 E Chumbo &#8211; Com \u00cdndice"},"content":{"rendered":"<p>De orienta\u00e7\u00e3o teol\u00f3gica pentecostal e carism\u00e1tica, \u00e9 indicada a pastores e pregadores em geral, l\u00edderes de escolas b\u00edblicas e dominical, estudantes de Teologia e crist\u00e3os que queiram se aprofundar no entendimento das Escrituras Sagradas.<\/p>\n","protected":false},"excerpt":{"rendered":"<p>De orienta\u00e7\u00e3o teol\u00f3gica pentecostal e carism\u00e1tica, \u00e9 indicada a pastores e pregadores em geral, l\u00edderes de escolas b\u00edblicas e dominical,&hellip;<\/p>\n","protected":false},"featured_media":342217,"comment_status":"open","ping_status":"closed","template":"","meta":[],"product_cat":[139,140],"product_tag":[],"_links":{"self":[{"href":"https:\/\/www.livrariarema.com.br\/loja\/wp-json\/wp\/v2\/product\/267838"}],"collection":[{"href":"https:\/\/www.livrariarema.com.br\/loja\/wp-json\/wp\/v2\/product"}],"about":[{"href":"https:\/\/www.livrariarema.com.br\/loja\/wp-json\/wp\/v2\/types\/product"}],"replies":[{"embeddable":true,"href":"https:\/\/www.livrariarema.com.br\/loja\/wp-json\/wp\/v2\/comments?post=267838"}],"wp:featuredmedia":[{"embeddable":true,"href":"https:\/\/www.livrariarema.com.br\/loja\/wp-json\/wp\/v2\/media\/342217"}],"wp:attachment":[{"href":"https:\/\/www.livrariarema.com.br\/loja\/wp-json\/wp\/v2\/media?parent=267838"}],"wp:term":[{"taxonomy":"product_cat","embeddable":true,"href":"https:\/\/www.livrariarema.com.br\/loja\/wp-json\/wp\/v2\/product_cat?post=267838"},{"taxonomy":"product_tag","embeddable":true,"href":"https:\/\/www.livrariarema.com.br\/loja\/wp-json\/wp\/v2\/product_tag?post=267838"}],"curies":[{"name":"wp","href":"https:\/\/api.w.org\/{rel}","templated":true}]}}