{"id":267947,"date":"2023-11-29T15:03:10","date_gmt":"2023-11-29T18:03:10","guid":{"rendered":"https:\/\/www.livrariarema.com.br\/loja\/produtos\/sem categoria\/ra085bp-biblia-de-estudo-plenitude-cinza-e-preto\/"},"modified":"2025-07-12T11:30:27","modified_gmt":"2025-07-12T14:30:27","slug":"ra085bp-biblia-de-estudo-plenitude-cinza-e-preto","status":"publish","type":"product","link":"https:\/\/www.livrariarema.com.br\/loja\/produtos\/biblias\/estudo\/ra085bp-biblia-de-estudo-plenitude-cinza-e-preto\/","title":{"rendered":"Ra085bp  &#8211; B\u00edblia De Estudo Plenitude &#8211; Cinza E Preto"},"content":{"rendered":"<p>De orienta\u00e7\u00e3o teol\u00f3gica pentecostal e carism\u00e1tica, \u00e9 indicada a pastores e pregadores em geral, l\u00edderes de escolas b\u00edblicas e dominical, estudantes de Teologia e crist\u00e3os que queiram se aprofundar no entendimento das Escrituras Sagradas.<\/p>\n","protected":false},"excerpt":{"rendered":"<p>De orienta\u00e7\u00e3o teol\u00f3gica pentecostal e carism\u00e1tica, \u00e9 indicada a pastores e pregadores em geral, l\u00edderes de escolas b\u00edblicas e dominical,&hellip;<\/p>\n","protected":false},"featured_media":323089,"comment_status":"open","ping_status":"closed","template":"","meta":[],"product_cat":[139,140],"product_tag":[],"_links":{"self":[{"href":"https:\/\/www.livrariarema.com.br\/loja\/wp-json\/wp\/v2\/product\/267947"}],"collection":[{"href":"https:\/\/www.livrariarema.com.br\/loja\/wp-json\/wp\/v2\/product"}],"about":[{"href":"https:\/\/www.livrariarema.com.br\/loja\/wp-json\/wp\/v2\/types\/product"}],"replies":[{"embeddable":true,"href":"https:\/\/www.livrariarema.com.br\/loja\/wp-json\/wp\/v2\/comments?post=267947"}],"wp:featuredmedia":[{"embeddable":true,"href":"https:\/\/www.livrariarema.com.br\/loja\/wp-json\/wp\/v2\/media\/323089"}],"wp:attachment":[{"href":"https:\/\/www.livrariarema.com.br\/loja\/wp-json\/wp\/v2\/media?parent=267947"}],"wp:term":[{"taxonomy":"product_cat","embeddable":true,"href":"https:\/\/www.livrariarema.com.br\/loja\/wp-json\/wp\/v2\/product_cat?post=267947"},{"taxonomy":"product_tag","embeddable":true,"href":"https:\/\/www.livrariarema.com.br\/loja\/wp-json\/wp\/v2\/product_tag?post=267947"}],"curies":[{"name":"wp","href":"https:\/\/api.w.org\/{rel}","templated":true}]}}