{"id":267983,"date":"2023-11-29T17:14:25","date_gmt":"2023-11-29T20:14:25","guid":{"rendered":"https:\/\/www.livrariarema.com.br\/loja\/produtos\/sem categoria\/comentario-expositivo-salmos-vol-2-73-150-c-hassell-bullock\/"},"modified":"2026-04-18T11:30:34","modified_gmt":"2026-04-18T14:30:34","slug":"comentario-expositivo-salmos-vol-2-73-150-c-hassell-bullock","status":"publish","type":"product","link":"https:\/\/www.livrariarema.com.br\/loja\/produtos\/livros\/estudo-biblico\/comentario-expositivo-salmos-vol-2-73-150-c-hassell-bullock\/","title":{"rendered":"Coment\u00e1rio Expositivo &#8211; Salmos &#8211; Vol. 2: 73-150 &#8211; C. Hassell Bullock"},"content":{"rendered":"<p>Ao longo dos s\u00e9culos, Salmos tem ocupado um lugar de grande apre\u00e7o no juda\u00edsmo e no cristianismo, bem como na vida dos crentes de forma individual. Os salmos expressam de modo profundo os pensamentos e as emo\u00e7\u00f5es da alma, desde as experi\u00eancias mais sublimes de alegria e louvor at\u00e9 os vales mais profundos do lamento. C. Hassell Bullock foi intensamente influenciado pelos Salmos, e esse coment\u00e1rio nasceu de uma vida inteira de estudo realizado com amor &#8211; como crist\u00e3o, professor e pastor. Bullock traz essas tr\u00eas perspectivas, conduzindo o leitor de forma habilidosa em cada salmo ao dar aten\u00e7\u00e3o especial ao g\u00eanero, \u00e0 estrutura, \u00e0 teologia e \u00e0 aplica\u00e7\u00e3o pr\u00e1tica.<\/p>\n<p>A S\u00e9rie Coment\u00e1rio Expositivo oferece a pastores, pregadores, mestres e estudantes da Palavra de Deus o que h\u00e1 de melhor na \u00e1rea do conhecimento b\u00edblico para que possam passar sem dificuldades do significado do texto a sua comunica\u00e7\u00e3o eficaz. Em cada volume, o livro b\u00edblico \u00e9 dividido em unidades de prega\u00e7\u00e3o (per\u00edcopes) selecionadas com cuidado e acompanhadas de coment\u00e1rios. Assim, a s\u00e9rie permite que o leitor assimile rapidamente as informa\u00e7\u00f5es mais importantes.<\/p>\n<p>Cada volume \u00e9 composto das seguintes se\u00e7\u00f5es, voltadas para a passagem estudada:<\/p>\n<p>IDEIA CENTRAL<br \/>\nPARA ENTENDER O TEXTO<br \/>\nPRINCIPAIS TEMAS<br \/>\nPARA ENSINAR O TEXTO<br \/>\nPARA ILUSTRAR O TEXTO<\/p>\n","protected":false},"excerpt":{"rendered":"<p>Ao longo dos s\u00e9culos, Salmos tem ocupado um lugar de grande apre\u00e7o no juda\u00edsmo e no cristianismo, bem como na&hellip;<\/p>\n","protected":false},"featured_media":344940,"comment_status":"open","ping_status":"closed","template":"","meta":[],"product_cat":[161,134],"product_tag":[],"_links":{"self":[{"href":"https:\/\/www.livrariarema.com.br\/loja\/wp-json\/wp\/v2\/product\/267983"}],"collection":[{"href":"https:\/\/www.livrariarema.com.br\/loja\/wp-json\/wp\/v2\/product"}],"about":[{"href":"https:\/\/www.livrariarema.com.br\/loja\/wp-json\/wp\/v2\/types\/product"}],"replies":[{"embeddable":true,"href":"https:\/\/www.livrariarema.com.br\/loja\/wp-json\/wp\/v2\/comments?post=267983"}],"wp:featuredmedia":[{"embeddable":true,"href":"https:\/\/www.livrariarema.com.br\/loja\/wp-json\/wp\/v2\/media\/344940"}],"wp:attachment":[{"href":"https:\/\/www.livrariarema.com.br\/loja\/wp-json\/wp\/v2\/media?parent=267983"}],"wp:term":[{"taxonomy":"product_cat","embeddable":true,"href":"https:\/\/www.livrariarema.com.br\/loja\/wp-json\/wp\/v2\/product_cat?post=267983"},{"taxonomy":"product_tag","embeddable":true,"href":"https:\/\/www.livrariarema.com.br\/loja\/wp-json\/wp\/v2\/product_tag?post=267983"}],"curies":[{"name":"wp","href":"https:\/\/api.w.org\/{rel}","templated":true}]}}